{"id":1579,"date":"2022-12-12T18:06:39","date_gmt":"2022-12-12T17:06:39","guid":{"rendered":"https:\/\/jesyh.fr\/?post_type=product&#038;p=1579"},"modified":"2024-08-14T16:01:16","modified_gmt":"2024-08-14T14:01:16","slug":"nuisette-parme-tranparente-femme","status":"publish","type":"product","link":"https:\/\/jesyh.fr\/index.php\/produit\/nuisette-parme-tranparente-femme\/","title":{"rendered":"Kate Nuisette Parme"},"content":{"rendered":"<h1>D\u00e9tail du produit<\/h1>\n<p>\u2764\ufe0f\u200a\u200aKate nuisette parme transparente pour femme , on m\u00e9lange diff\u00e9rentes mati\u00e8res et diff\u00e9rents mod\u00e8les et on obtient une tr\u00e8s belle lingerie sexy. Un tissu transparent en dentelle sur le devant et le dos avec des bretelles crois\u00e9s. Sangles r\u00e9glables de la m\u00eame fa\u00e7on que le dossier ouvert avec lacet. String assorti, \u00a0les noeuds de decoration \u00e0 la poitrine. Cette chemise de nuit est magnifique, tout ce que vous aimez.<\/p>\n<p>Produit de qualit\u00e9, tissu lisse et confortable, la nuisette pour les femmes ayant des seins g\u00e9n\u00e9reux. Transparence, sensualit\u00e9, excellent savoir-faire, soyeux au toucher, agr\u00e9able sur la peau.<\/p>\n<p>\u2764\ufe0f\u200aNuisette , robe de nuit avec bretelles, sexy, charmant. Id\u00e9al pour chaque jour, \u00e0 la maison, \u00e0 l&rsquo;h\u00f4tel, en vacances, dans une soir\u00e9e pyjama, seul, dans une soir\u00e9e romantique. Offrez-la \u00e0 une personne de confiance, pour l\u2019anniversaire, pour la f\u00eate no\u00ebl . Effectivement , vous pouvez en faire autant. Et l\u2019offrir \u00e0 une personne que vous aimez avec un bon packaging . La marque de qualit\u00e9 d&rsquo;une lingerie qui offre une gamme compl\u00e8te d&rsquo;article tr\u00e8s sexy de finition de qualit\u00e9 parfaite avec un superbe choix.<a href=\"https:\/\/www.jesyh.com\/26-body?page=4\">\ud83e\ude71\u200a<\/a><\/p>\n<h2>Composition :<\/h2>\n<p>88 % Nylon + 12 % Spandex<\/p>\n<p>Tissu lisse, souple, confortable, pyjama de la femme avec des seins g\u00e9n\u00e9reux. Conception en deux pi\u00e8ces, vous pouvez dormir avec tous les jours, \u00e0 la maison, en vacance, \u00e0 l\u2019h\u00f4tel, en voyage, pour votre lune de miel, la Saint-Valentin, \u00e0 toute occasion romantique.<\/p>\n<p>\u2764\ufe0f\u200a\u200aCette nuisette sexy pour femme est id\u00e9ale pour faire un cadeau propos\u00e9 par un bel emballage pour une lingerie de taille importante. Elle convient comme cadeau pour votre \u00e9pouse, amie..<\/p>\n<p>Votre nuisette noire satin femme est lavable \u00e0 la machine, mais le lavage \u00e0 la main est important pour le bon entretien de votre nuisette et sa dur\u00e9e de vie.<\/p>\n<p>\u2764\ufe0f\u200aLa nuisette fait ressortir votre c\u00f4t\u00e9 sensuel, s\u00e9duisant mais le plaisir est \u00e0 partager avec votre partenaire. En effet, cette nuisette est d&rsquo;une conception \u00e9poustouflante. En fin de compte une nuisette et son string toujours ensemble dans votre sac, valise, garde-robe.<a href=\"https:\/\/jesyh.fr\/index.php\/produit\/nuisette-satin-noire-femme\/\">\ud83d\udc9d<\/a><\/p>\n<p>&nbsp;<\/p>\n<p>&nbsp;<\/p>\n<p>&nbsp;<\/p>\n<p>&nbsp;<\/p>\n<p>&nbsp;<\/p>\n<p>&nbsp;<\/p>\n<h2><\/h2>\n<p>&nbsp;<\/p>\n<p>&nbsp;<\/p>\n","protected":false},"excerpt":{"rendered":"<p>Tr\u00e8s magnifique nuisette sexy parme transparente.<\/p>\n","protected":false},"featured_media":2332,"comment_status":"open","ping_status":"closed","template":"","meta":{"_monsterinsights_skip_tracking":false,"_monsterinsights_sitenote_active":false,"_monsterinsights_sitenote_note":"","_monsterinsights_sitenote_category":0,"ocean_post_layout":"full-width","ocean_both_sidebars_style":"","ocean_both_sidebars_content_width":0,"ocean_both_sidebars_sidebars_width":0,"ocean_sidebar":"0","ocean_second_sidebar":"0","ocean_disable_margins":"enable","ocean_add_body_class":"","ocean_shortcode_before_top_bar":"","ocean_shortcode_after_top_bar":"","ocean_shortcode_before_header":"","ocean_shortcode_after_header":"","ocean_has_shortcode":"","ocean_shortcode_after_title":"","ocean_shortcode_before_footer_widgets":"","ocean_shortcode_after_footer_widgets":"","ocean_shortcode_before_footer_bottom":"","ocean_shortcode_after_footer_bottom":"","ocean_display_top_bar":"default","ocean_display_header":"default","ocean_header_style":"","ocean_center_header_left_menu":"0","ocean_custom_header_template":"0","ocean_custom_logo":0,"ocean_custom_retina_logo":0,"ocean_custom_logo_max_width":0,"ocean_custom_logo_tablet_max_width":0,"ocean_custom_logo_mobile_max_width":0,"ocean_custom_logo_max_height":0,"ocean_custom_logo_tablet_max_height":0,"ocean_custom_logo_mobile_max_height":0,"ocean_header_custom_menu":"0","ocean_menu_typo_font_family":"0","ocean_menu_typo_font_subset":"","ocean_menu_typo_font_size":0,"ocean_menu_typo_font_size_tablet":0,"ocean_menu_typo_font_size_mobile":0,"ocean_menu_typo_font_size_unit":"px","ocean_menu_typo_font_weight":"","ocean_menu_typo_font_weight_tablet":"","ocean_menu_typo_font_weight_mobile":"","ocean_menu_typo_transform":"","ocean_menu_typo_transform_tablet":"","ocean_menu_typo_transform_mobile":"","ocean_menu_typo_line_height":0,"ocean_menu_typo_line_height_tablet":0,"ocean_menu_typo_line_height_mobile":0,"ocean_menu_typo_line_height_unit":"","ocean_menu_typo_spacing":0,"ocean_menu_typo_spacing_tablet":0,"ocean_menu_typo_spacing_mobile":0,"ocean_menu_typo_spacing_unit":"","ocean_menu_link_color":"","ocean_menu_link_color_hover":"","ocean_menu_link_color_active":"","ocean_menu_link_background":"","ocean_menu_link_hover_background":"","ocean_menu_link_active_background":"","ocean_menu_social_links_bg":"","ocean_menu_social_hover_links_bg":"","ocean_menu_social_links_color":"","ocean_menu_social_hover_links_color":"","ocean_disable_title":"default","ocean_disable_heading":"default","ocean_post_title":"","ocean_post_subheading":"","ocean_post_title_style":"","ocean_post_title_background_color":"","ocean_post_title_background":0,"ocean_post_title_bg_image_position":"","ocean_post_title_bg_image_attachment":"","ocean_post_title_bg_image_repeat":"","ocean_post_title_bg_image_size":"","ocean_post_title_height":0,"ocean_post_title_bg_overlay":0.5,"ocean_post_title_bg_overlay_color":"","ocean_disable_breadcrumbs":"default","ocean_breadcrumbs_color":"","ocean_breadcrumbs_separator_color":"","ocean_breadcrumbs_links_color":"","ocean_breadcrumbs_links_hover_color":"","ocean_display_footer_widgets":"default","ocean_display_footer_bottom":"default","ocean_custom_footer_template":"0"},"product_brand":[],"product_cat":[43],"product_tag":[],"class_list":{"0":"post-1579","1":"product","2":"type-product","3":"status-publish","4":"has-post-thumbnail","6":"product_cat-nuisette-femme-poitrine-genereuse","8":"entry","9":"has-media","11":"first","12":"instock","13":"taxable","14":"shipping-taxable","15":"purchasable","16":"product-type-variable","17":"has-default-attributes","18":"has-product-nav","19":"col","20":"span_1_of_3","21":"owp-content-center","22":"owp-thumbs-layout-horizontal","23":"owp-btn-normal","24":"owp-tabs-layout-horizontal"},"yoast_head":"<!-- This site is optimized with the Yoast SEO plugin v27.5 - https:\/\/yoast.com\/product\/yoast-seo-wordpress\/ -->\n<title>Kate Nuisette Parme transparente pour femme forte Seine Maritime<\/title>\n<meta name=\"description\" content=\"Kate nuisette parme en dentelle pour femme forte de la marque de haute qualit\u00e9 chez Jesyh \u00e0 Grand Couronne Seine Maritime\" \/>\n<meta name=\"robots\" content=\"index, follow, max-snippet:-1, max-image-preview:large, max-video-preview:-1\" \/>\n<link rel=\"canonical\" href=\"https:\/\/jesyh.fr\/index.php\/produit\/nuisette-parme-tranparente-femme\/\" \/>\n<meta property=\"og:locale\" content=\"fr_FR\" \/>\n<meta property=\"og:type\" content=\"article\" \/>\n<meta property=\"og:title\" content=\"Kate Nuisette Parme transparente pour femme forte Seine Maritime\" \/>\n<meta property=\"og:description\" content=\"Kate nuisette parme en dentelle pour femme forte de la marque de haute qualit\u00e9 chez Jesyh \u00e0 Grand Couronne Seine Maritime\" \/>\n<meta property=\"og:url\" content=\"https:\/\/jesyh.fr\/index.php\/produit\/nuisette-parme-tranparente-femme\/\" \/>\n<meta property=\"article:publisher\" content=\"https:\/\/www.facebook.com\/profile.php?id=100063464531976\" \/>\n<meta property=\"article:modified_time\" content=\"2024-08-14T14:01:16+00:00\" \/>\n<meta property=\"og:image\" content=\"https:\/\/jesyh.fr\/wp-content\/uploads\/2022\/12\/20240806162030043004.jpg\" \/>\n\t<meta property=\"og:image:width\" content=\"1000\" \/>\n\t<meta property=\"og:image:height\" content=\"1300\" \/>\n\t<meta property=\"og:image:type\" content=\"image\/jpeg\" \/>\n<meta name=\"twitter:card\" content=\"summary_large_image\" \/>\n<meta name=\"twitter:label1\" content=\"Dur\u00e9e de lecture estim\u00e9e\" \/>\n\t<meta name=\"twitter:data1\" content=\"2 minutes\" \/>\n<script type=\"application\/ld+json\" class=\"yoast-schema-graph\">{\"@context\":\"https:\\\/\\\/schema.org\",\"@graph\":[{\"@type\":\"WebPage\",\"@id\":\"https:\\\/\\\/jesyh.fr\\\/index.php\\\/produit\\\/nuisette-parme-tranparente-femme\\\/\",\"url\":\"https:\\\/\\\/jesyh.fr\\\/index.php\\\/produit\\\/nuisette-parme-tranparente-femme\\\/\",\"name\":\"Kate Nuisette Parme transparente pour femme forte Seine Maritime\",\"isPartOf\":{\"@id\":\"https:\\\/\\\/jesyh.fr\\\/#website\"},\"primaryImageOfPage\":{\"@id\":\"https:\\\/\\\/jesyh.fr\\\/index.php\\\/produit\\\/nuisette-parme-tranparente-femme\\\/#primaryimage\"},\"image\":{\"@id\":\"https:\\\/\\\/jesyh.fr\\\/index.php\\\/produit\\\/nuisette-parme-tranparente-femme\\\/#primaryimage\"},\"thumbnailUrl\":\"https:\\\/\\\/jesyh.fr\\\/wp-content\\\/uploads\\\/2022\\\/12\\\/20240806162030043004.jpg\",\"datePublished\":\"2022-12-12T17:06:39+00:00\",\"dateModified\":\"2024-08-14T14:01:16+00:00\",\"description\":\"Kate nuisette parme en dentelle pour femme forte de la marque de haute qualit\u00e9 chez Jesyh \u00e0 Grand Couronne Seine Maritime\",\"breadcrumb\":{\"@id\":\"https:\\\/\\\/jesyh.fr\\\/index.php\\\/produit\\\/nuisette-parme-tranparente-femme\\\/#breadcrumb\"},\"inLanguage\":\"fr-FR\",\"potentialAction\":[{\"@type\":\"ReadAction\",\"target\":[\"https:\\\/\\\/jesyh.fr\\\/index.php\\\/produit\\\/nuisette-parme-tranparente-femme\\\/\"]}]},{\"@type\":\"ImageObject\",\"inLanguage\":\"fr-FR\",\"@id\":\"https:\\\/\\\/jesyh.fr\\\/index.php\\\/produit\\\/nuisette-parme-tranparente-femme\\\/#primaryimage\",\"url\":\"https:\\\/\\\/jesyh.fr\\\/wp-content\\\/uploads\\\/2022\\\/12\\\/20240806162030043004.jpg\",\"contentUrl\":\"https:\\\/\\\/jesyh.fr\\\/wp-content\\\/uploads\\\/2022\\\/12\\\/20240806162030043004.jpg\",\"width\":1000,\"height\":1300,\"caption\":\"Kate Nuisette parme transparente pour femme grande taille\\\/Jesyh.fr\"},{\"@type\":\"BreadcrumbList\",\"@id\":\"https:\\\/\\\/jesyh.fr\\\/index.php\\\/produit\\\/nuisette-parme-tranparente-femme\\\/#breadcrumb\",\"itemListElement\":[{\"@type\":\"ListItem\",\"position\":1,\"name\":\"Accueil\",\"item\":\"https:\\\/\\\/jesyh.fr\\\/\"},{\"@type\":\"ListItem\",\"position\":2,\"name\":\"Boutique\",\"item\":\"https:\\\/\\\/jesyh.fr\\\/index.php\\\/boutique-lingerie-pour-femme-a-grand-couronne\\\/\"},{\"@type\":\"ListItem\",\"position\":3,\"name\":\"Kate Nuisette Parme\"}]},{\"@type\":\"WebSite\",\"@id\":\"https:\\\/\\\/jesyh.fr\\\/#website\",\"url\":\"https:\\\/\\\/jesyh.fr\\\/\",\"name\":\"\",\"description\":\"\",\"potentialAction\":[{\"@type\":\"SearchAction\",\"target\":{\"@type\":\"EntryPoint\",\"urlTemplate\":\"https:\\\/\\\/jesyh.fr\\\/?s={search_term_string}\"},\"query-input\":{\"@type\":\"PropertyValueSpecification\",\"valueRequired\":true,\"valueName\":\"search_term_string\"}}],\"inLanguage\":\"fr-FR\"}]}<\/script>\n<!-- \/ Yoast SEO plugin. -->","yoast_head_json":{"title":"Kate Nuisette Parme transparente pour femme forte Seine Maritime","description":"Kate nuisette parme en dentelle pour femme forte de la marque de haute qualit\u00e9 chez Jesyh \u00e0 Grand Couronne Seine Maritime","robots":{"index":"index","follow":"follow","max-snippet":"max-snippet:-1","max-image-preview":"max-image-preview:large","max-video-preview":"max-video-preview:-1"},"canonical":"https:\/\/jesyh.fr\/index.php\/produit\/nuisette-parme-tranparente-femme\/","og_locale":"fr_FR","og_type":"article","og_title":"Kate Nuisette Parme transparente pour femme forte Seine Maritime","og_description":"Kate nuisette parme en dentelle pour femme forte de la marque de haute qualit\u00e9 chez Jesyh \u00e0 Grand Couronne Seine Maritime","og_url":"https:\/\/jesyh.fr\/index.php\/produit\/nuisette-parme-tranparente-femme\/","article_publisher":"https:\/\/www.facebook.com\/profile.php?id=100063464531976","article_modified_time":"2024-08-14T14:01:16+00:00","og_image":[{"width":1000,"height":1300,"url":"https:\/\/jesyh.fr\/wp-content\/uploads\/2022\/12\/20240806162030043004.jpg","type":"image\/jpeg"}],"twitter_card":"summary_large_image","twitter_misc":{"Dur\u00e9e de lecture estim\u00e9e":"2 minutes"},"schema":{"@context":"https:\/\/schema.org","@graph":[{"@type":"WebPage","@id":"https:\/\/jesyh.fr\/index.php\/produit\/nuisette-parme-tranparente-femme\/","url":"https:\/\/jesyh.fr\/index.php\/produit\/nuisette-parme-tranparente-femme\/","name":"Kate Nuisette Parme transparente pour femme forte Seine Maritime","isPartOf":{"@id":"https:\/\/jesyh.fr\/#website"},"primaryImageOfPage":{"@id":"https:\/\/jesyh.fr\/index.php\/produit\/nuisette-parme-tranparente-femme\/#primaryimage"},"image":{"@id":"https:\/\/jesyh.fr\/index.php\/produit\/nuisette-parme-tranparente-femme\/#primaryimage"},"thumbnailUrl":"https:\/\/jesyh.fr\/wp-content\/uploads\/2022\/12\/20240806162030043004.jpg","datePublished":"2022-12-12T17:06:39+00:00","dateModified":"2024-08-14T14:01:16+00:00","description":"Kate nuisette parme en dentelle pour femme forte de la marque de haute qualit\u00e9 chez Jesyh \u00e0 Grand Couronne Seine Maritime","breadcrumb":{"@id":"https:\/\/jesyh.fr\/index.php\/produit\/nuisette-parme-tranparente-femme\/#breadcrumb"},"inLanguage":"fr-FR","potentialAction":[{"@type":"ReadAction","target":["https:\/\/jesyh.fr\/index.php\/produit\/nuisette-parme-tranparente-femme\/"]}]},{"@type":"ImageObject","inLanguage":"fr-FR","@id":"https:\/\/jesyh.fr\/index.php\/produit\/nuisette-parme-tranparente-femme\/#primaryimage","url":"https:\/\/jesyh.fr\/wp-content\/uploads\/2022\/12\/20240806162030043004.jpg","contentUrl":"https:\/\/jesyh.fr\/wp-content\/uploads\/2022\/12\/20240806162030043004.jpg","width":1000,"height":1300,"caption":"Kate Nuisette parme transparente pour femme grande taille\/Jesyh.fr"},{"@type":"BreadcrumbList","@id":"https:\/\/jesyh.fr\/index.php\/produit\/nuisette-parme-tranparente-femme\/#breadcrumb","itemListElement":[{"@type":"ListItem","position":1,"name":"Accueil","item":"https:\/\/jesyh.fr\/"},{"@type":"ListItem","position":2,"name":"Boutique","item":"https:\/\/jesyh.fr\/index.php\/boutique-lingerie-pour-femme-a-grand-couronne\/"},{"@type":"ListItem","position":3,"name":"Kate Nuisette Parme"}]},{"@type":"WebSite","@id":"https:\/\/jesyh.fr\/#website","url":"https:\/\/jesyh.fr\/","name":"","description":"","potentialAction":[{"@type":"SearchAction","target":{"@type":"EntryPoint","urlTemplate":"https:\/\/jesyh.fr\/?s={search_term_string}"},"query-input":{"@type":"PropertyValueSpecification","valueRequired":true,"valueName":"search_term_string"}}],"inLanguage":"fr-FR"}]}},"jetpack_sharing_enabled":true,"_links":{"self":[{"href":"https:\/\/jesyh.fr\/index.php\/wp-json\/wp\/v2\/product\/1579","targetHints":{"allow":["GET"]}}],"collection":[{"href":"https:\/\/jesyh.fr\/index.php\/wp-json\/wp\/v2\/product"}],"about":[{"href":"https:\/\/jesyh.fr\/index.php\/wp-json\/wp\/v2\/types\/product"}],"replies":[{"embeddable":true,"href":"https:\/\/jesyh.fr\/index.php\/wp-json\/wp\/v2\/comments?post=1579"}],"wp:featuredmedia":[{"embeddable":true,"href":"https:\/\/jesyh.fr\/index.php\/wp-json\/wp\/v2\/media\/2332"}],"wp:attachment":[{"href":"https:\/\/jesyh.fr\/index.php\/wp-json\/wp\/v2\/media?parent=1579"}],"wp:term":[{"taxonomy":"product_brand","embeddable":true,"href":"https:\/\/jesyh.fr\/index.php\/wp-json\/wp\/v2\/product_brand?post=1579"},{"taxonomy":"product_cat","embeddable":true,"href":"https:\/\/jesyh.fr\/index.php\/wp-json\/wp\/v2\/product_cat?post=1579"},{"taxonomy":"product_tag","embeddable":true,"href":"https:\/\/jesyh.fr\/index.php\/wp-json\/wp\/v2\/product_tag?post=1579"}],"curies":[{"name":"wp","href":"https:\/\/api.w.org\/{rel}","templated":true}]}}