{"id":1702,"date":"2023-03-15T07:31:54","date_gmt":"2023-03-15T06:31:54","guid":{"rendered":"https:\/\/jesyh.fr\/?post_type=product&#038;p=1702"},"modified":"2023-04-26T15:37:04","modified_gmt":"2023-04-26T13:37:04","slug":"augmenter-la-testosterone","status":"publish","type":"product","link":"https:\/\/jesyh.fr\/index.php\/produit\/augmenter-la-testosterone\/","title":{"rendered":"Pro Virility Caps 60 g\u00e9lules"},"content":{"rendered":"<p>Augmenter la testost\u00e9rone avec Pro Virility Caps.<\/p>\n<p>Aide \u00e0 accro\u00eetre la virilit\u00e9.<br \/>\nProduit 100% fran\u00e7ais.<br \/>\nConformit\u00e9 avec les r\u00e8glementations europ\u00e9ennes.<br \/>\n60 capsules v\u00e9g\u00e9tales.<\/p>\n<h4>Qui est concern\u00e9<\/h4>\n<p>Des hommes qui sont malheureux avec leur virilit\u00e9.<br \/>\nDes hommes qui veulent accro\u00eetre leur testost\u00e9rone naturellement.<\/p>\n<h4>Les principaux composants Pro Virility<\/h4>\n<ul>\n<li>Le tribulus peut contribuer \u00e0 augmenter le taux de testost\u00e9rone du corps et \u00e0 am\u00e9liorer la fonction \u00e9rectile.<\/li>\n<li>Le guggul aide \u00e0 maintenir le bon fonctionnement de la prostate.<\/li>\n<li>La vitamine B6 contribue \u00e0 r\u00e9duire la fatigue.<\/li>\n<\/ul>\n<h4>Comment l&rsquo;utiliser<\/h4>\n<p>Prendre 2 capsules quotidiennement pendant 3 mois pour des effets optimaux.<\/p>\n<p>Bo\u00eete de 20 g\u00e9lules de 31,2g<\/p>\n<h4>Les ingr\u00e9dients<\/h4>\n<p>Extrait de tribulus\u00a0<em>(Tribulus terrestris)<\/em>, enveloppe de la g\u00e9lule: hydroxypropylm\u00e9thylcellulose, extrait de saule\u00a0<em>(Salix alba)<\/em>, extrait de m\u00e9lisse\u00a0<em>(Melissa officinalis)<\/em>, extrait de guggul\u00a0<em>(Commiphora mukul)<\/em>, caf\u00e9ine, anti-agglom\u00e9rant : st\u00e9arate de magn\u00e9sium, D-pantoth\u00e9nate de calcium (vitamine B5), chol\u00e9calcif\u00e9rol (vitamine D), chlorhydrate de pyridoxine (vitamine B6)<\/p>\n<h4>Renseignements nutritifs pour 2 g\u00e9lules<\/h4>\n<ul>\n<li>Extrait de tribulus (fruit) 300 mg<\/li>\n<li>Extrait de saule (\u00e9corce) 140 mg<\/li>\n<li>Extrait de m\u00e9lisse (feuille) 120 mg<\/li>\n<li>Extrait de guggul (gomme r\u00e9sine) 100 mg<\/li>\n<li>Caf\u00e9ine 80 mg<\/li>\n<li>Vitamine B5 (100% AR*) 6 mg<\/li>\n<li>Vitamine B6 (100% AR*) 1,4 mg<\/li>\n<li>Vitamine D (100% AR*) 5 \u03bcg<\/li>\n<li>Apports de R\u00e9f\u00e9rence<\/li>\n<\/ul>\n<h4>Avertissement<\/h4>\n<p>Suppl\u00e9ment alimentaire. Il est impossible de remplacer une alimentation vari\u00e9e et \u00e9quilibr\u00e9e. \u00c0 int\u00e9grer dans un mode de vie sain. Tenir hors de port\u00e9e des enfants. Ne pas d\u00e9passer la dose recommand\u00e9e par jour. Produit r\u00e9serv\u00e9 uniquement pour l&rsquo;homme adulte. Contient de la caf\u00e9ine (80 mg\/jour), non recommand\u00e9e chez les enfants, les adolescents, les femmes enceintes ou allaitantes ainsi que chez les personnes allergiques aux d\u00e9riv\u00e9s salicyl\u00e9s ou sous traitement antihypertenseur, antidiab\u00e9tique ou anticoagulant. Demandez conseil \u00e0 votre m\u00e9decin ou pharmacien avant d&rsquo;utiliser le produit. Le garder dans la place s\u00e8che et prot\u00e9g\u00e9 de la lumi\u00e8re.<\/p>\n<p>&nbsp;<\/p>\n","protected":false},"excerpt":{"rendered":"<p>Pro Virility Caps est un compl\u00e9ment alimentaire con\u00e7u pour stimuler la virilit\u00e9 masculine. Il permet d&rsquo;accro\u00eetre les niveaux de testost\u00e9rone, am\u00e9liore la fonction \u00e9rectile et r\u00e9duit la fatigue. La testost\u00e9rone est l\u2019hormone de pr\u00e9dilection de l\u2019homme. Son rythme a \u00e9t\u00e9 prouv\u00e9 d&rsquo;avoir un effet direct sur la masse musculaire et la fonction \u00e9rectile.<\/p>\n","protected":false},"featured_media":1901,"comment_status":"open","ping_status":"closed","template":"","meta":{"_monsterinsights_skip_tracking":false,"_monsterinsights_sitenote_active":false,"_monsterinsights_sitenote_note":"","_monsterinsights_sitenote_category":0,"ocean_post_layout":"full-width","ocean_both_sidebars_style":"","ocean_both_sidebars_content_width":0,"ocean_both_sidebars_sidebars_width":0,"ocean_sidebar":"0","ocean_second_sidebar":"0","ocean_disable_margins":"enable","ocean_add_body_class":"","ocean_shortcode_before_top_bar":"","ocean_shortcode_after_top_bar":"","ocean_shortcode_before_header":"","ocean_shortcode_after_header":"","ocean_has_shortcode":"","ocean_shortcode_after_title":"","ocean_shortcode_before_footer_widgets":"","ocean_shortcode_after_footer_widgets":"","ocean_shortcode_before_footer_bottom":"","ocean_shortcode_after_footer_bottom":"","ocean_display_top_bar":"default","ocean_display_header":"default","ocean_header_style":"","ocean_center_header_left_menu":"0","ocean_custom_header_template":"0","ocean_custom_logo":0,"ocean_custom_retina_logo":0,"ocean_custom_logo_max_width":0,"ocean_custom_logo_tablet_max_width":0,"ocean_custom_logo_mobile_max_width":0,"ocean_custom_logo_max_height":0,"ocean_custom_logo_tablet_max_height":0,"ocean_custom_logo_mobile_max_height":0,"ocean_header_custom_menu":"0","ocean_menu_typo_font_family":"0","ocean_menu_typo_font_subset":"","ocean_menu_typo_font_size":0,"ocean_menu_typo_font_size_tablet":0,"ocean_menu_typo_font_size_mobile":0,"ocean_menu_typo_font_size_unit":"px","ocean_menu_typo_font_weight":"","ocean_menu_typo_font_weight_tablet":"","ocean_menu_typo_font_weight_mobile":"","ocean_menu_typo_transform":"","ocean_menu_typo_transform_tablet":"","ocean_menu_typo_transform_mobile":"","ocean_menu_typo_line_height":0,"ocean_menu_typo_line_height_tablet":0,"ocean_menu_typo_line_height_mobile":0,"ocean_menu_typo_line_height_unit":"","ocean_menu_typo_spacing":0,"ocean_menu_typo_spacing_tablet":0,"ocean_menu_typo_spacing_mobile":0,"ocean_menu_typo_spacing_unit":"","ocean_menu_link_color":"","ocean_menu_link_color_hover":"","ocean_menu_link_color_active":"","ocean_menu_link_background":"","ocean_menu_link_hover_background":"","ocean_menu_link_active_background":"","ocean_menu_social_links_bg":"","ocean_menu_social_hover_links_bg":"","ocean_menu_social_links_color":"","ocean_menu_social_hover_links_color":"","ocean_disable_title":"default","ocean_disable_heading":"default","ocean_post_title":"","ocean_post_subheading":"","ocean_post_title_style":"","ocean_post_title_background_color":"","ocean_post_title_background":0,"ocean_post_title_bg_image_position":"","ocean_post_title_bg_image_attachment":"","ocean_post_title_bg_image_repeat":"","ocean_post_title_bg_image_size":"","ocean_post_title_height":0,"ocean_post_title_bg_overlay":0.5,"ocean_post_title_bg_overlay_color":"","ocean_disable_breadcrumbs":"default","ocean_breadcrumbs_color":"","ocean_breadcrumbs_separator_color":"","ocean_breadcrumbs_links_color":"","ocean_breadcrumbs_links_hover_color":"","ocean_display_footer_widgets":"default","ocean_display_footer_bottom":"default","ocean_custom_footer_template":"0"},"product_brand":[],"product_cat":[70,50],"product_tag":[],"class_list":{"0":"post-1702","1":"product","2":"type-product","3":"status-publish","4":"has-post-thumbnail","6":"product_cat-boosters-denergie","7":"product_cat-cosmetique-erotique-pour-adulte","9":"entry","10":"has-media","12":"first","13":"instock","14":"taxable","15":"shipping-taxable","16":"purchasable","17":"product-type-simple","18":"has-product-nav","19":"col","20":"span_1_of_3","21":"owp-content-center","22":"owp-thumbs-layout-horizontal","23":"owp-btn-normal","24":"owp-tabs-layout-horizontal"},"yoast_head":"<!-- This site is optimized with the Yoast SEO plugin v27.5 - https:\/\/yoast.com\/product\/yoast-seo-wordpress\/ -->\n<title>Augmenter la testost\u00e9rone de la marque Power \u00e0 base des plantes.<\/title>\n<meta name=\"description\" content=\"Augmenter la testost\u00e9rone Pro Virilit\u00e9 caps de la marque Power. Compl\u00e9ment alimentaire \u00e0 base des plantes chez Jesyh boutique cosm\u00e9tique intime pour adulte.\" \/>\n<meta name=\"robots\" content=\"index, follow, max-snippet:-1, max-image-preview:large, max-video-preview:-1\" \/>\n<link rel=\"canonical\" href=\"https:\/\/jesyh.fr\/index.php\/produit\/augmenter-la-testosterone\/\" \/>\n<meta property=\"og:locale\" content=\"fr_FR\" \/>\n<meta property=\"og:type\" content=\"article\" \/>\n<meta property=\"og:title\" content=\"Augmenter la testost\u00e9rone de la marque Power \u00e0 base des plantes.\" \/>\n<meta property=\"og:description\" content=\"Augmenter la testost\u00e9rone Pro Virilit\u00e9 caps de la marque Power. Compl\u00e9ment alimentaire \u00e0 base des plantes chez Jesyh boutique cosm\u00e9tique intime pour adulte.\" \/>\n<meta property=\"og:url\" content=\"https:\/\/jesyh.fr\/index.php\/produit\/augmenter-la-testosterone\/\" \/>\n<meta property=\"article:publisher\" content=\"https:\/\/www.facebook.com\/profile.php?id=100063464531976\" \/>\n<meta property=\"article:modified_time\" content=\"2023-04-26T13:37:04+00:00\" \/>\n<meta property=\"og:image\" content=\"https:\/\/jesyh.fr\/wp-content\/uploads\/2023\/03\/pro-virility-caps-60-gelules-1.jpg\" \/>\n\t<meta property=\"og:image:width\" content=\"600\" \/>\n\t<meta property=\"og:image:height\" content=\"600\" \/>\n\t<meta property=\"og:image:type\" content=\"image\/jpeg\" \/>\n<meta name=\"twitter:card\" content=\"summary_large_image\" \/>\n<meta name=\"twitter:label1\" content=\"Dur\u00e9e de lecture estim\u00e9e\" \/>\n\t<meta name=\"twitter:data1\" content=\"2 minutes\" \/>\n<script type=\"application\/ld+json\" class=\"yoast-schema-graph\">{\"@context\":\"https:\\\/\\\/schema.org\",\"@graph\":[{\"@type\":\"WebPage\",\"@id\":\"https:\\\/\\\/jesyh.fr\\\/index.php\\\/produit\\\/augmenter-la-testosterone\\\/\",\"url\":\"https:\\\/\\\/jesyh.fr\\\/index.php\\\/produit\\\/augmenter-la-testosterone\\\/\",\"name\":\"Augmenter la testost\u00e9rone de la marque Power \u00e0 base des plantes.\",\"isPartOf\":{\"@id\":\"https:\\\/\\\/jesyh.fr\\\/#website\"},\"primaryImageOfPage\":{\"@id\":\"https:\\\/\\\/jesyh.fr\\\/index.php\\\/produit\\\/augmenter-la-testosterone\\\/#primaryimage\"},\"image\":{\"@id\":\"https:\\\/\\\/jesyh.fr\\\/index.php\\\/produit\\\/augmenter-la-testosterone\\\/#primaryimage\"},\"thumbnailUrl\":\"https:\\\/\\\/jesyh.fr\\\/wp-content\\\/uploads\\\/2023\\\/03\\\/pro-virility-caps-60-gelules-1.jpg\",\"datePublished\":\"2023-03-15T06:31:54+00:00\",\"dateModified\":\"2023-04-26T13:37:04+00:00\",\"description\":\"Augmenter la testost\u00e9rone Pro Virilit\u00e9 caps de la marque Power. Compl\u00e9ment alimentaire \u00e0 base des plantes chez Jesyh boutique cosm\u00e9tique intime pour adulte.\",\"breadcrumb\":{\"@id\":\"https:\\\/\\\/jesyh.fr\\\/index.php\\\/produit\\\/augmenter-la-testosterone\\\/#breadcrumb\"},\"inLanguage\":\"fr-FR\",\"potentialAction\":[{\"@type\":\"ReadAction\",\"target\":[\"https:\\\/\\\/jesyh.fr\\\/index.php\\\/produit\\\/augmenter-la-testosterone\\\/\"]}]},{\"@type\":\"ImageObject\",\"inLanguage\":\"fr-FR\",\"@id\":\"https:\\\/\\\/jesyh.fr\\\/index.php\\\/produit\\\/augmenter-la-testosterone\\\/#primaryimage\",\"url\":\"https:\\\/\\\/jesyh.fr\\\/wp-content\\\/uploads\\\/2023\\\/03\\\/pro-virility-caps-60-gelules-1.jpg\",\"contentUrl\":\"https:\\\/\\\/jesyh.fr\\\/wp-content\\\/uploads\\\/2023\\\/03\\\/pro-virility-caps-60-gelules-1.jpg\",\"width\":600,\"height\":600,\"caption\":\"Augmenter le testost\u00e9rone Power\\\/Jesyh.fr\"},{\"@type\":\"BreadcrumbList\",\"@id\":\"https:\\\/\\\/jesyh.fr\\\/index.php\\\/produit\\\/augmenter-la-testosterone\\\/#breadcrumb\",\"itemListElement\":[{\"@type\":\"ListItem\",\"position\":1,\"name\":\"Accueil\",\"item\":\"https:\\\/\\\/jesyh.fr\\\/\"},{\"@type\":\"ListItem\",\"position\":2,\"name\":\"Boutique\",\"item\":\"https:\\\/\\\/jesyh.fr\\\/index.php\\\/boutique-lingerie-pour-femme-a-grand-couronne\\\/\"},{\"@type\":\"ListItem\",\"position\":3,\"name\":\"Pro Virility Caps 60 g\u00e9lules\"}]},{\"@type\":\"WebSite\",\"@id\":\"https:\\\/\\\/jesyh.fr\\\/#website\",\"url\":\"https:\\\/\\\/jesyh.fr\\\/\",\"name\":\"\",\"description\":\"\",\"potentialAction\":[{\"@type\":\"SearchAction\",\"target\":{\"@type\":\"EntryPoint\",\"urlTemplate\":\"https:\\\/\\\/jesyh.fr\\\/?s={search_term_string}\"},\"query-input\":{\"@type\":\"PropertyValueSpecification\",\"valueRequired\":true,\"valueName\":\"search_term_string\"}}],\"inLanguage\":\"fr-FR\"}]}<\/script>\n<!-- \/ Yoast SEO plugin. -->","yoast_head_json":{"title":"Augmenter la testost\u00e9rone de la marque Power \u00e0 base des plantes.","description":"Augmenter la testost\u00e9rone Pro Virilit\u00e9 caps de la marque Power. Compl\u00e9ment alimentaire \u00e0 base des plantes chez Jesyh boutique cosm\u00e9tique intime pour adulte.","robots":{"index":"index","follow":"follow","max-snippet":"max-snippet:-1","max-image-preview":"max-image-preview:large","max-video-preview":"max-video-preview:-1"},"canonical":"https:\/\/jesyh.fr\/index.php\/produit\/augmenter-la-testosterone\/","og_locale":"fr_FR","og_type":"article","og_title":"Augmenter la testost\u00e9rone de la marque Power \u00e0 base des plantes.","og_description":"Augmenter la testost\u00e9rone Pro Virilit\u00e9 caps de la marque Power. Compl\u00e9ment alimentaire \u00e0 base des plantes chez Jesyh boutique cosm\u00e9tique intime pour adulte.","og_url":"https:\/\/jesyh.fr\/index.php\/produit\/augmenter-la-testosterone\/","article_publisher":"https:\/\/www.facebook.com\/profile.php?id=100063464531976","article_modified_time":"2023-04-26T13:37:04+00:00","og_image":[{"width":600,"height":600,"url":"https:\/\/jesyh.fr\/wp-content\/uploads\/2023\/03\/pro-virility-caps-60-gelules-1.jpg","type":"image\/jpeg"}],"twitter_card":"summary_large_image","twitter_misc":{"Dur\u00e9e de lecture estim\u00e9e":"2 minutes"},"schema":{"@context":"https:\/\/schema.org","@graph":[{"@type":"WebPage","@id":"https:\/\/jesyh.fr\/index.php\/produit\/augmenter-la-testosterone\/","url":"https:\/\/jesyh.fr\/index.php\/produit\/augmenter-la-testosterone\/","name":"Augmenter la testost\u00e9rone de la marque Power \u00e0 base des plantes.","isPartOf":{"@id":"https:\/\/jesyh.fr\/#website"},"primaryImageOfPage":{"@id":"https:\/\/jesyh.fr\/index.php\/produit\/augmenter-la-testosterone\/#primaryimage"},"image":{"@id":"https:\/\/jesyh.fr\/index.php\/produit\/augmenter-la-testosterone\/#primaryimage"},"thumbnailUrl":"https:\/\/jesyh.fr\/wp-content\/uploads\/2023\/03\/pro-virility-caps-60-gelules-1.jpg","datePublished":"2023-03-15T06:31:54+00:00","dateModified":"2023-04-26T13:37:04+00:00","description":"Augmenter la testost\u00e9rone Pro Virilit\u00e9 caps de la marque Power. Compl\u00e9ment alimentaire \u00e0 base des plantes chez Jesyh boutique cosm\u00e9tique intime pour adulte.","breadcrumb":{"@id":"https:\/\/jesyh.fr\/index.php\/produit\/augmenter-la-testosterone\/#breadcrumb"},"inLanguage":"fr-FR","potentialAction":[{"@type":"ReadAction","target":["https:\/\/jesyh.fr\/index.php\/produit\/augmenter-la-testosterone\/"]}]},{"@type":"ImageObject","inLanguage":"fr-FR","@id":"https:\/\/jesyh.fr\/index.php\/produit\/augmenter-la-testosterone\/#primaryimage","url":"https:\/\/jesyh.fr\/wp-content\/uploads\/2023\/03\/pro-virility-caps-60-gelules-1.jpg","contentUrl":"https:\/\/jesyh.fr\/wp-content\/uploads\/2023\/03\/pro-virility-caps-60-gelules-1.jpg","width":600,"height":600,"caption":"Augmenter le testost\u00e9rone Power\/Jesyh.fr"},{"@type":"BreadcrumbList","@id":"https:\/\/jesyh.fr\/index.php\/produit\/augmenter-la-testosterone\/#breadcrumb","itemListElement":[{"@type":"ListItem","position":1,"name":"Accueil","item":"https:\/\/jesyh.fr\/"},{"@type":"ListItem","position":2,"name":"Boutique","item":"https:\/\/jesyh.fr\/index.php\/boutique-lingerie-pour-femme-a-grand-couronne\/"},{"@type":"ListItem","position":3,"name":"Pro Virility Caps 60 g\u00e9lules"}]},{"@type":"WebSite","@id":"https:\/\/jesyh.fr\/#website","url":"https:\/\/jesyh.fr\/","name":"","description":"","potentialAction":[{"@type":"SearchAction","target":{"@type":"EntryPoint","urlTemplate":"https:\/\/jesyh.fr\/?s={search_term_string}"},"query-input":{"@type":"PropertyValueSpecification","valueRequired":true,"valueName":"search_term_string"}}],"inLanguage":"fr-FR"}]}},"jetpack_sharing_enabled":true,"_links":{"self":[{"href":"https:\/\/jesyh.fr\/index.php\/wp-json\/wp\/v2\/product\/1702","targetHints":{"allow":["GET"]}}],"collection":[{"href":"https:\/\/jesyh.fr\/index.php\/wp-json\/wp\/v2\/product"}],"about":[{"href":"https:\/\/jesyh.fr\/index.php\/wp-json\/wp\/v2\/types\/product"}],"replies":[{"embeddable":true,"href":"https:\/\/jesyh.fr\/index.php\/wp-json\/wp\/v2\/comments?post=1702"}],"wp:featuredmedia":[{"embeddable":true,"href":"https:\/\/jesyh.fr\/index.php\/wp-json\/wp\/v2\/media\/1901"}],"wp:attachment":[{"href":"https:\/\/jesyh.fr\/index.php\/wp-json\/wp\/v2\/media?parent=1702"}],"wp:term":[{"taxonomy":"product_brand","embeddable":true,"href":"https:\/\/jesyh.fr\/index.php\/wp-json\/wp\/v2\/product_brand?post=1702"},{"taxonomy":"product_cat","embeddable":true,"href":"https:\/\/jesyh.fr\/index.php\/wp-json\/wp\/v2\/product_cat?post=1702"},{"taxonomy":"product_tag","embeddable":true,"href":"https:\/\/jesyh.fr\/index.php\/wp-json\/wp\/v2\/product_tag?post=1702"}],"curies":[{"name":"wp","href":"https:\/\/api.w.org\/{rel}","templated":true}]}}