{"id":1721,"date":"2023-03-16T16:01:54","date_gmt":"2023-03-16T15:01:54","guid":{"rendered":"https:\/\/jesyh.fr\/?post_type=product&#038;p=1721"},"modified":"2023-04-26T15:09:10","modified_gmt":"2023-04-26T13:09:10","slug":"le-stimulant-et-retardant","status":"publish","type":"product","link":"https:\/\/jesyh.fr\/index.php\/produit\/le-stimulant-et-retardant\/","title":{"rendered":"Vialis Pro Pills 20 g\u00e9lules"},"content":{"rendered":"<p>Le stimulant et retardant Vialis Pro PillsVialis Pro Pills de la gamme XPOWER est un stimulant sexuel naturel \u00e0 action rapide permettant d&rsquo;accro\u00eetre rapidement le plaisir sexuel. Les capsules Vialis Pro Pills renforcent l&rsquo;\u00e9rection et retardent efficacement l&rsquo;\u00e9jaculation pr\u00e9coce.<\/p>\n<h4>Qui est concern\u00e9<\/h4>\n<ul>\n<li>\u00a0Les hommes qui d\u00e9sirent d\u00e9cupler leur plaisir sexuel.<\/li>\n<li>\u00a0Les hommes qui souhaitent am\u00e9liorer l\u2019\u00e9rection et retarder l&rsquo;\u00e9jaculation pr\u00e9matur\u00e9e.<\/li>\n<\/ul>\n<h4>Les principaux composants Vialis Pro Pills<\/h4>\n<ul>\n<li>La Maca aide \u00e0 stimuler le d\u00e9sir sexuel.<\/li>\n<li>L\u2019<em>Asparagus racemosus<\/em>\u00a0contribue \u00e0 retarder l\u2019\u00e9jaculation.<\/li>\n<li>La Liv\u00e8che a une action tonifiante qui renforce la puissance sexuelle.<\/li>\n<li>Le Ginseng am\u00e9liore l\u2019endurance (rapports rapproch\u00e9s).<\/li>\n<li>La Vitamine B1 contribue \u00e0 am\u00e9liorer et r\u00e9tablir une fonction cardiaque normale.<\/li>\n<\/ul>\n<h4>Comment l&rsquo;utiliser<\/h4>\n<p>2 g\u00e9lules du stimulant et retardant par jour 1h avant le rapport sexuel avec un grand verre d\u2019eau.<\/p>\n<p>Bo\u00eete de 20 capsules v\u00e9g\u00e9tales et 10,8g.<\/p>\n<h4>Les ingr\u00e9dients<\/h4>\n<p>Extrait sec de maca\u00a0<em>(Lepidium meyenii),<\/em>\u00a0extrait sec\u00a0<em>d\u2019Asparagus racemosus<\/em>, enveloppe de la g\u00e9lule : hydroxypropylm\u00e9thylcellulose, epiruline, g\u00e9lifiant: carragh\u00e9nanes, extrait sec de ginseng\u00a0<em>(Panax ginseng CA Meyer),<\/em>\u00a0acide L-ascorbique (vitamine C), extrait sec de liv\u00e8che\u00a0<em>(Levisticum officinale),<\/em>\u00a0\u00a0anti-agglom\u00e9rant : st\u00e9arate de magn\u00e9sium, nicotinamide (vitamine B3),\u00a0\u00a0chlorhydrate de thiamine (vitamine B1)<\/p>\n<h4>Renseignements nutritifs pour 2 g\u00e9lules<\/h4>\n<ul>\n<li>\u00a0 \u00a0 \u00a0 \u00a0 Extrait de maca (racine) 380 mg<\/li>\n<li>\u00a0 \u00a0 \u00a0 \u00a0 Extrait d\u2019<em>Asparagus racemosus<\/em>\u00a0(racine) 200 mg<\/li>\n<li>\u00a0 \u00a0 \u00a0 \u00a0 Extrait de ginseng (racine) 100 mg<\/li>\n<li>\u00a0 \u00a0 \u00a0 \u00a0 Extrait de liv\u00e8che (racine)\u00a0\u00a080 mg<\/li>\n<li>\u00a0 \u00a0 \u00a0 \u00a0 Vitamine C (100% AR*) 80 mg<\/li>\n<li>\u00a0 \u00a0 \u00a0 \u00a0 Vitamine B3 \/ (100% AR*) 16 mg<\/li>\n<li>\u00a0 \u00a0 \u00a0 \u00a0 Vitamine B1 \/\u00a0\u00a0(100% AR*) 1,1 mg<\/li>\n<\/ul>\n<h4>Avertissement<\/h4>\n<p>Suppl\u00e9ment alimentaire. Il est impossible de remplacer une alimentation vari\u00e9e et \u00e9quilibr\u00e9e. \u00c0 int\u00e9grer dans un mode de vie sain. Tenir hors de port\u00e9e des enfants. Ne pas d\u00e9passer la dose recommand\u00e9e par jour. Produit r\u00e9serv\u00e9 uniquement pour l\u2019homme adulte. Contient de la caf\u00e9ine (80 mg\/jour), non recommand\u00e9e chez les enfants, les adolescents, les femmes enceintes ou allaitantes ainsi que chez les personnes allergiques aux d\u00e9riv\u00e9s salicyl\u00e9s ou sous traitement antihypertenseur, antidiab\u00e9tique ou anticoagulant. Demandez conseil \u00e0 votre m\u00e9decin ou pharmacien avant d\u2019utiliser le produit. Le garder dans la place s\u00e8che et prot\u00e9g\u00e9 de la lumi\u00e8re.<\/p>\n","protected":false},"excerpt":{"rendered":"<p>Vialis Pro Pills de la gamme XPOWER est un stimulant sexuel naturel \u00e0 action rapide pour une augmentation rapide du plaisir sexuel. Vialis Pro Pills capsules am\u00e9liorer l&rsquo;\u00e9rection et retarder l&rsquo;\u00e9jaculation pr\u00e9matur\u00e9e efficace.<\/p>\n","protected":false},"featured_media":1940,"comment_status":"open","ping_status":"closed","template":"","meta":{"_monsterinsights_skip_tracking":false,"_monsterinsights_sitenote_active":false,"_monsterinsights_sitenote_note":"","_monsterinsights_sitenote_category":0,"ocean_post_layout":"full-width","ocean_both_sidebars_style":"","ocean_both_sidebars_content_width":0,"ocean_both_sidebars_sidebars_width":0,"ocean_sidebar":"0","ocean_second_sidebar":"0","ocean_disable_margins":"enable","ocean_add_body_class":"","ocean_shortcode_before_top_bar":"","ocean_shortcode_after_top_bar":"","ocean_shortcode_before_header":"","ocean_shortcode_after_header":"","ocean_has_shortcode":"","ocean_shortcode_after_title":"","ocean_shortcode_before_footer_widgets":"","ocean_shortcode_after_footer_widgets":"","ocean_shortcode_before_footer_bottom":"","ocean_shortcode_after_footer_bottom":"","ocean_display_top_bar":"default","ocean_display_header":"default","ocean_header_style":"","ocean_center_header_left_menu":"0","ocean_custom_header_template":"0","ocean_custom_logo":0,"ocean_custom_retina_logo":0,"ocean_custom_logo_max_width":0,"ocean_custom_logo_tablet_max_width":0,"ocean_custom_logo_mobile_max_width":0,"ocean_custom_logo_max_height":0,"ocean_custom_logo_tablet_max_height":0,"ocean_custom_logo_mobile_max_height":0,"ocean_header_custom_menu":"0","ocean_menu_typo_font_family":"0","ocean_menu_typo_font_subset":"","ocean_menu_typo_font_size":0,"ocean_menu_typo_font_size_tablet":0,"ocean_menu_typo_font_size_mobile":0,"ocean_menu_typo_font_size_unit":"px","ocean_menu_typo_font_weight":"","ocean_menu_typo_font_weight_tablet":"","ocean_menu_typo_font_weight_mobile":"","ocean_menu_typo_transform":"","ocean_menu_typo_transform_tablet":"","ocean_menu_typo_transform_mobile":"","ocean_menu_typo_line_height":0,"ocean_menu_typo_line_height_tablet":0,"ocean_menu_typo_line_height_mobile":0,"ocean_menu_typo_line_height_unit":"","ocean_menu_typo_spacing":0,"ocean_menu_typo_spacing_tablet":0,"ocean_menu_typo_spacing_mobile":0,"ocean_menu_typo_spacing_unit":"","ocean_menu_link_color":"","ocean_menu_link_color_hover":"","ocean_menu_link_color_active":"","ocean_menu_link_background":"","ocean_menu_link_hover_background":"","ocean_menu_link_active_background":"","ocean_menu_social_links_bg":"","ocean_menu_social_hover_links_bg":"","ocean_menu_social_links_color":"","ocean_menu_social_hover_links_color":"","ocean_disable_title":"default","ocean_disable_heading":"default","ocean_post_title":"","ocean_post_subheading":"","ocean_post_title_style":"","ocean_post_title_background_color":"","ocean_post_title_background":0,"ocean_post_title_bg_image_position":"","ocean_post_title_bg_image_attachment":"","ocean_post_title_bg_image_repeat":"","ocean_post_title_bg_image_size":"","ocean_post_title_height":0,"ocean_post_title_bg_overlay":0.5,"ocean_post_title_bg_overlay_color":"","ocean_disable_breadcrumbs":"default","ocean_breadcrumbs_color":"","ocean_breadcrumbs_separator_color":"","ocean_breadcrumbs_links_color":"","ocean_breadcrumbs_links_hover_color":"","ocean_display_footer_widgets":"default","ocean_display_footer_bottom":"default","ocean_custom_footer_template":"0"},"product_brand":[],"product_cat":[50,67,66],"product_tag":[],"class_list":{"0":"post-1721","1":"product","2":"type-product","3":"status-publish","4":"has-post-thumbnail","6":"product_cat-cosmetique-erotique-pour-adulte","7":"product_cat-homme","8":"product_cat-stimulant","10":"entry","11":"has-media","13":"first","14":"instock","15":"taxable","16":"shipping-taxable","17":"purchasable","18":"product-type-simple","19":"has-product-nav","20":"col","21":"span_1_of_3","22":"owp-content-center","23":"owp-thumbs-layout-horizontal","24":"owp-btn-normal","25":"owp-tabs-layout-horizontal"},"yoast_head":"<!-- This site is optimized with the Yoast SEO plugin v27.5 - https:\/\/yoast.com\/product\/yoast-seo-wordpress\/ -->\n<title>Le stimulant et retardant Vialis Pro Pills de Power de Labophyto.<\/title>\n<meta name=\"description\" content=\"Le stimulant et retardant de la marque power de Labophyto. Suppl\u00e9ment alimentaire \u00e0 base des plantes fabrication fran\u00e7aise chez Jesyh \u00e0 Grand Couronne .\" \/>\n<meta name=\"robots\" content=\"index, follow, max-snippet:-1, max-image-preview:large, max-video-preview:-1\" \/>\n<link rel=\"canonical\" href=\"https:\/\/jesyh.fr\/index.php\/produit\/le-stimulant-et-retardant\/\" \/>\n<meta property=\"og:locale\" content=\"fr_FR\" \/>\n<meta property=\"og:type\" content=\"article\" \/>\n<meta property=\"og:title\" content=\"Le stimulant et retardant Vialis Pro Pills de Power de Labophyto.\" \/>\n<meta property=\"og:description\" content=\"Le stimulant et retardant de la marque power de Labophyto. Suppl\u00e9ment alimentaire \u00e0 base des plantes fabrication fran\u00e7aise chez Jesyh \u00e0 Grand Couronne .\" \/>\n<meta property=\"og:url\" content=\"https:\/\/jesyh.fr\/index.php\/produit\/le-stimulant-et-retardant\/\" \/>\n<meta property=\"article:publisher\" content=\"https:\/\/www.facebook.com\/profile.php?id=100063464531976\" \/>\n<meta property=\"article:modified_time\" content=\"2023-04-26T13:09:10+00:00\" \/>\n<meta property=\"og:image\" content=\"https:\/\/jesyh.fr\/wp-content\/uploads\/2023\/03\/vialis-pro-pills-20-gelules.jpg\" \/>\n\t<meta property=\"og:image:width\" content=\"600\" \/>\n\t<meta property=\"og:image:height\" content=\"600\" \/>\n\t<meta property=\"og:image:type\" content=\"image\/jpeg\" \/>\n<meta name=\"twitter:card\" content=\"summary_large_image\" \/>\n<meta name=\"twitter:label1\" content=\"Dur\u00e9e de lecture estim\u00e9e\" \/>\n\t<meta name=\"twitter:data1\" content=\"2 minutes\" \/>\n<script type=\"application\/ld+json\" class=\"yoast-schema-graph\">{\"@context\":\"https:\\\/\\\/schema.org\",\"@graph\":[{\"@type\":\"WebPage\",\"@id\":\"https:\\\/\\\/jesyh.fr\\\/index.php\\\/produit\\\/le-stimulant-et-retardant\\\/\",\"url\":\"https:\\\/\\\/jesyh.fr\\\/index.php\\\/produit\\\/le-stimulant-et-retardant\\\/\",\"name\":\"Le stimulant et retardant Vialis Pro Pills de Power de Labophyto.\",\"isPartOf\":{\"@id\":\"https:\\\/\\\/jesyh.fr\\\/#website\"},\"primaryImageOfPage\":{\"@id\":\"https:\\\/\\\/jesyh.fr\\\/index.php\\\/produit\\\/le-stimulant-et-retardant\\\/#primaryimage\"},\"image\":{\"@id\":\"https:\\\/\\\/jesyh.fr\\\/index.php\\\/produit\\\/le-stimulant-et-retardant\\\/#primaryimage\"},\"thumbnailUrl\":\"https:\\\/\\\/jesyh.fr\\\/wp-content\\\/uploads\\\/2023\\\/03\\\/vialis-pro-pills-20-gelules.jpg\",\"datePublished\":\"2023-03-16T15:01:54+00:00\",\"dateModified\":\"2023-04-26T13:09:10+00:00\",\"description\":\"Le stimulant et retardant de la marque power de Labophyto. Suppl\u00e9ment alimentaire \u00e0 base des plantes fabrication fran\u00e7aise chez Jesyh \u00e0 Grand Couronne .\",\"breadcrumb\":{\"@id\":\"https:\\\/\\\/jesyh.fr\\\/index.php\\\/produit\\\/le-stimulant-et-retardant\\\/#breadcrumb\"},\"inLanguage\":\"fr-FR\",\"potentialAction\":[{\"@type\":\"ReadAction\",\"target\":[\"https:\\\/\\\/jesyh.fr\\\/index.php\\\/produit\\\/le-stimulant-et-retardant\\\/\"]}]},{\"@type\":\"ImageObject\",\"inLanguage\":\"fr-FR\",\"@id\":\"https:\\\/\\\/jesyh.fr\\\/index.php\\\/produit\\\/le-stimulant-et-retardant\\\/#primaryimage\",\"url\":\"https:\\\/\\\/jesyh.fr\\\/wp-content\\\/uploads\\\/2023\\\/03\\\/vialis-pro-pills-20-gelules.jpg\",\"contentUrl\":\"https:\\\/\\\/jesyh.fr\\\/wp-content\\\/uploads\\\/2023\\\/03\\\/vialis-pro-pills-20-gelules.jpg\",\"width\":600,\"height\":600,\"caption\":\"Stimulant retardant Vialis pro pills\\\/Jesyh.fr\"},{\"@type\":\"BreadcrumbList\",\"@id\":\"https:\\\/\\\/jesyh.fr\\\/index.php\\\/produit\\\/le-stimulant-et-retardant\\\/#breadcrumb\",\"itemListElement\":[{\"@type\":\"ListItem\",\"position\":1,\"name\":\"Accueil\",\"item\":\"https:\\\/\\\/jesyh.fr\\\/\"},{\"@type\":\"ListItem\",\"position\":2,\"name\":\"Boutique\",\"item\":\"https:\\\/\\\/jesyh.fr\\\/index.php\\\/boutique-lingerie-pour-femme-a-grand-couronne\\\/\"},{\"@type\":\"ListItem\",\"position\":3,\"name\":\"Vialis Pro Pills 20 g\u00e9lules\"}]},{\"@type\":\"WebSite\",\"@id\":\"https:\\\/\\\/jesyh.fr\\\/#website\",\"url\":\"https:\\\/\\\/jesyh.fr\\\/\",\"name\":\"\",\"description\":\"\",\"potentialAction\":[{\"@type\":\"SearchAction\",\"target\":{\"@type\":\"EntryPoint\",\"urlTemplate\":\"https:\\\/\\\/jesyh.fr\\\/?s={search_term_string}\"},\"query-input\":{\"@type\":\"PropertyValueSpecification\",\"valueRequired\":true,\"valueName\":\"search_term_string\"}}],\"inLanguage\":\"fr-FR\"}]}<\/script>\n<!-- \/ Yoast SEO plugin. -->","yoast_head_json":{"title":"Le stimulant et retardant Vialis Pro Pills de Power de Labophyto.","description":"Le stimulant et retardant de la marque power de Labophyto. Suppl\u00e9ment alimentaire \u00e0 base des plantes fabrication fran\u00e7aise chez Jesyh \u00e0 Grand Couronne .","robots":{"index":"index","follow":"follow","max-snippet":"max-snippet:-1","max-image-preview":"max-image-preview:large","max-video-preview":"max-video-preview:-1"},"canonical":"https:\/\/jesyh.fr\/index.php\/produit\/le-stimulant-et-retardant\/","og_locale":"fr_FR","og_type":"article","og_title":"Le stimulant et retardant Vialis Pro Pills de Power de Labophyto.","og_description":"Le stimulant et retardant de la marque power de Labophyto. Suppl\u00e9ment alimentaire \u00e0 base des plantes fabrication fran\u00e7aise chez Jesyh \u00e0 Grand Couronne .","og_url":"https:\/\/jesyh.fr\/index.php\/produit\/le-stimulant-et-retardant\/","article_publisher":"https:\/\/www.facebook.com\/profile.php?id=100063464531976","article_modified_time":"2023-04-26T13:09:10+00:00","og_image":[{"width":600,"height":600,"url":"https:\/\/jesyh.fr\/wp-content\/uploads\/2023\/03\/vialis-pro-pills-20-gelules.jpg","type":"image\/jpeg"}],"twitter_card":"summary_large_image","twitter_misc":{"Dur\u00e9e de lecture estim\u00e9e":"2 minutes"},"schema":{"@context":"https:\/\/schema.org","@graph":[{"@type":"WebPage","@id":"https:\/\/jesyh.fr\/index.php\/produit\/le-stimulant-et-retardant\/","url":"https:\/\/jesyh.fr\/index.php\/produit\/le-stimulant-et-retardant\/","name":"Le stimulant et retardant Vialis Pro Pills de Power de Labophyto.","isPartOf":{"@id":"https:\/\/jesyh.fr\/#website"},"primaryImageOfPage":{"@id":"https:\/\/jesyh.fr\/index.php\/produit\/le-stimulant-et-retardant\/#primaryimage"},"image":{"@id":"https:\/\/jesyh.fr\/index.php\/produit\/le-stimulant-et-retardant\/#primaryimage"},"thumbnailUrl":"https:\/\/jesyh.fr\/wp-content\/uploads\/2023\/03\/vialis-pro-pills-20-gelules.jpg","datePublished":"2023-03-16T15:01:54+00:00","dateModified":"2023-04-26T13:09:10+00:00","description":"Le stimulant et retardant de la marque power de Labophyto. Suppl\u00e9ment alimentaire \u00e0 base des plantes fabrication fran\u00e7aise chez Jesyh \u00e0 Grand Couronne .","breadcrumb":{"@id":"https:\/\/jesyh.fr\/index.php\/produit\/le-stimulant-et-retardant\/#breadcrumb"},"inLanguage":"fr-FR","potentialAction":[{"@type":"ReadAction","target":["https:\/\/jesyh.fr\/index.php\/produit\/le-stimulant-et-retardant\/"]}]},{"@type":"ImageObject","inLanguage":"fr-FR","@id":"https:\/\/jesyh.fr\/index.php\/produit\/le-stimulant-et-retardant\/#primaryimage","url":"https:\/\/jesyh.fr\/wp-content\/uploads\/2023\/03\/vialis-pro-pills-20-gelules.jpg","contentUrl":"https:\/\/jesyh.fr\/wp-content\/uploads\/2023\/03\/vialis-pro-pills-20-gelules.jpg","width":600,"height":600,"caption":"Stimulant retardant Vialis pro pills\/Jesyh.fr"},{"@type":"BreadcrumbList","@id":"https:\/\/jesyh.fr\/index.php\/produit\/le-stimulant-et-retardant\/#breadcrumb","itemListElement":[{"@type":"ListItem","position":1,"name":"Accueil","item":"https:\/\/jesyh.fr\/"},{"@type":"ListItem","position":2,"name":"Boutique","item":"https:\/\/jesyh.fr\/index.php\/boutique-lingerie-pour-femme-a-grand-couronne\/"},{"@type":"ListItem","position":3,"name":"Vialis Pro Pills 20 g\u00e9lules"}]},{"@type":"WebSite","@id":"https:\/\/jesyh.fr\/#website","url":"https:\/\/jesyh.fr\/","name":"","description":"","potentialAction":[{"@type":"SearchAction","target":{"@type":"EntryPoint","urlTemplate":"https:\/\/jesyh.fr\/?s={search_term_string}"},"query-input":{"@type":"PropertyValueSpecification","valueRequired":true,"valueName":"search_term_string"}}],"inLanguage":"fr-FR"}]}},"jetpack_sharing_enabled":true,"_links":{"self":[{"href":"https:\/\/jesyh.fr\/index.php\/wp-json\/wp\/v2\/product\/1721","targetHints":{"allow":["GET"]}}],"collection":[{"href":"https:\/\/jesyh.fr\/index.php\/wp-json\/wp\/v2\/product"}],"about":[{"href":"https:\/\/jesyh.fr\/index.php\/wp-json\/wp\/v2\/types\/product"}],"replies":[{"embeddable":true,"href":"https:\/\/jesyh.fr\/index.php\/wp-json\/wp\/v2\/comments?post=1721"}],"wp:featuredmedia":[{"embeddable":true,"href":"https:\/\/jesyh.fr\/index.php\/wp-json\/wp\/v2\/media\/1940"}],"wp:attachment":[{"href":"https:\/\/jesyh.fr\/index.php\/wp-json\/wp\/v2\/media?parent=1721"}],"wp:term":[{"taxonomy":"product_brand","embeddable":true,"href":"https:\/\/jesyh.fr\/index.php\/wp-json\/wp\/v2\/product_brand?post=1721"},{"taxonomy":"product_cat","embeddable":true,"href":"https:\/\/jesyh.fr\/index.php\/wp-json\/wp\/v2\/product_cat?post=1721"},{"taxonomy":"product_tag","embeddable":true,"href":"https:\/\/jesyh.fr\/index.php\/wp-json\/wp\/v2\/product_tag?post=1721"}],"curies":[{"name":"wp","href":"https:\/\/api.w.org\/{rel}","templated":true}]}}