{"id":1723,"date":"2023-03-16T16:36:42","date_gmt":"2023-03-16T15:36:42","guid":{"rendered":"https:\/\/jesyh.fr\/?post_type=product&#038;p=1723"},"modified":"2023-04-26T15:08:04","modified_gmt":"2023-04-26T13:08:04","slug":"libido-reboostee","status":"publish","type":"product","link":"https:\/\/jesyh.fr\/index.php\/produit\/libido-reboostee\/","title":{"rendered":"Libido Caps 60 g\u00e9lules"},"content":{"rendered":"<p>Une libido reboost\u00e9e avec Caps suppl\u00e9ment alimentaire.<\/p>\n<p>Favorise le maintien de bonnes relations sexuelles.<br \/>\nProduit 100% fran\u00e7ais.<br \/>\nConformit\u00e9 avec les r\u00e8glementations europ\u00e9ennes.<br \/>\n60 capsules v\u00e9g\u00e9tales.<\/p>\n<h4>Qui est concern\u00e9<\/h4>\n<p>Les femmes qui souhaitent stimuler leur d\u00e9sir et l&rsquo;activit\u00e9 sexuelle.<br \/>\nFemmes confront\u00e9es \u00e0 des d\u00e9s\u00e9quilibres hormonaux (traitements, m\u00e9nopause) responsables de probl\u00e8mes de libido.<\/p>\n<h4>Les principaux composants Libido Caps<\/h4>\n<ul>\n<li>La maca favorise la vitalit\u00e9 sexuelle et \u00e9quilibre le taux d\u2019hormones chez la femme.<\/li>\n<li>Le muira puama favorise le d\u00e9sir sexuel chez la femme.<\/li>\n<li>L\u2019ang\u00e9lique chinoise favorise le d\u00e9sir sexuel f\u00e9minin.<\/li>\n<li>Le ginseng agit sur le tonus sexuel et la libido.<\/li>\n<\/ul>\n<h4>Comment l&rsquo;utiliser<\/h4>\n<p>2 capsules par jour avec un grand verre d&rsquo;eau sur une p\u00e9riode de 3 mois pour optimiser les effets d&rsquo;une libido reboost\u00e9e.<\/p>\n<p>Bo\u00eete de 60 capsules et 32,8g<\/p>\n<h4>Les ingr\u00e9dients<\/h4>\n<p>Poudre de maca (<em>Lepidium meyenii<\/em>), enveloppe de la g\u00e9lule : hydroxypropylm\u00e9thylcellulose, extrait sec de muira puama (<em>Ptychopetalum olacoides<\/em>), extrait sec de rhodiola (<em>Sedum roseum<\/em>), extrait sec d\u2019ang\u00e9lique chinoise (<em>Angelica sinensis<\/em>), extrait sec de ginseng (<em>Panax Ginseng CA Meyer<\/em>), anti-agglom\u00e9rant : st\u00e9arate de magn\u00e9sium, acide folique (vitamine B9), chlorhydrate de pyridoxine (vitamine B6).<\/p>\n<h4>Renseignements nutritifs pour 2 g\u00e9lules<\/h4>\n<ul>\n<li>Poudre de maca (racine) 360 mg<\/li>\n<li>Extrait de muira puama (\u00e9corce) 150 mg<\/li>\n<li>Extrait de rhodiola (racine) 120 mg<\/li>\n<li>Extrait d\u2019ang\u00e9lique chinoise (racine) 120 mg<\/li>\n<li>Extrait de ginseng (racine) 80 mg<\/li>\n<li>Vitamine B6 (100% AR*) 1.4 mg<\/li>\n<li>Vitamine B9 (100% AR*) 200 \u03bcg<\/li>\n<li>Apports de r\u00e9f\u00e9rence<\/li>\n<\/ul>\n<h4>Avertissement<\/h4>\n<p>Suppl\u00e9ment alimentaire, ne peut \u00eatre remplac\u00e9 par une alimentation vari\u00e9e et \u00e9quilibr\u00e9e. \u00c0 int\u00e9grer dans un mode de vie sain. Tenir hors de port\u00e9e des enfants. Ne pas d\u00e9passer la dose recommand\u00e9e par jour. Produit r\u00e9serv\u00e9 \u00e0 la femme adulte. D\u00e9conseill\u00e9 pour les enfants, les adolescents, les femmes enceintes ou allaitantes ainsi que les personnes sous traitement anti-diab\u00e9tique. Conserver au sec et \u00e0 l&rsquo;\u00e9cart de la lumi\u00e8re, de la chaleur et de l&rsquo;humidit\u00e9.<\/p>\n","protected":false},"excerpt":{"rendered":"<p>Libido Caps de la gamme XPOWER est un compl\u00e9ment alimentaire pour femmes \u00e0 base d\u2019extraits de plantes ayant pour but de stimuler la libido et apporter la s\u00e9r\u00e9nit\u00e9, surtout en cas de stress. La combinaison de ces diff\u00e9rentes plantes fait de Labophyto Libido Caps id\u00e9al pour am\u00e9liorer les relations sexuelles.<\/p>\n","protected":false},"featured_media":1920,"comment_status":"open","ping_status":"closed","template":"","meta":{"_monsterinsights_skip_tracking":false,"_monsterinsights_sitenote_active":false,"_monsterinsights_sitenote_note":"","_monsterinsights_sitenote_category":0,"ocean_post_layout":"full-width","ocean_both_sidebars_style":"","ocean_both_sidebars_content_width":0,"ocean_both_sidebars_sidebars_width":0,"ocean_sidebar":"0","ocean_second_sidebar":"0","ocean_disable_margins":"enable","ocean_add_body_class":"","ocean_shortcode_before_top_bar":"","ocean_shortcode_after_top_bar":"","ocean_shortcode_before_header":"","ocean_shortcode_after_header":"","ocean_has_shortcode":"","ocean_shortcode_after_title":"","ocean_shortcode_before_footer_widgets":"","ocean_shortcode_after_footer_widgets":"","ocean_shortcode_before_footer_bottom":"","ocean_shortcode_after_footer_bottom":"","ocean_display_top_bar":"default","ocean_display_header":"default","ocean_header_style":"","ocean_center_header_left_menu":"0","ocean_custom_header_template":"0","ocean_custom_logo":0,"ocean_custom_retina_logo":0,"ocean_custom_logo_max_width":0,"ocean_custom_logo_tablet_max_width":0,"ocean_custom_logo_mobile_max_width":0,"ocean_custom_logo_max_height":0,"ocean_custom_logo_tablet_max_height":0,"ocean_custom_logo_mobile_max_height":0,"ocean_header_custom_menu":"0","ocean_menu_typo_font_family":"0","ocean_menu_typo_font_subset":"","ocean_menu_typo_font_size":0,"ocean_menu_typo_font_size_tablet":0,"ocean_menu_typo_font_size_mobile":0,"ocean_menu_typo_font_size_unit":"px","ocean_menu_typo_font_weight":"","ocean_menu_typo_font_weight_tablet":"","ocean_menu_typo_font_weight_mobile":"","ocean_menu_typo_transform":"","ocean_menu_typo_transform_tablet":"","ocean_menu_typo_transform_mobile":"","ocean_menu_typo_line_height":0,"ocean_menu_typo_line_height_tablet":0,"ocean_menu_typo_line_height_mobile":0,"ocean_menu_typo_line_height_unit":"","ocean_menu_typo_spacing":0,"ocean_menu_typo_spacing_tablet":0,"ocean_menu_typo_spacing_mobile":0,"ocean_menu_typo_spacing_unit":"","ocean_menu_link_color":"","ocean_menu_link_color_hover":"","ocean_menu_link_color_active":"","ocean_menu_link_background":"","ocean_menu_link_hover_background":"","ocean_menu_link_active_background":"","ocean_menu_social_links_bg":"","ocean_menu_social_hover_links_bg":"","ocean_menu_social_links_color":"","ocean_menu_social_hover_links_color":"","ocean_disable_title":"default","ocean_disable_heading":"default","ocean_post_title":"","ocean_post_subheading":"","ocean_post_title_style":"","ocean_post_title_background_color":"","ocean_post_title_background":0,"ocean_post_title_bg_image_position":"","ocean_post_title_bg_image_attachment":"","ocean_post_title_bg_image_repeat":"","ocean_post_title_bg_image_size":"","ocean_post_title_height":0,"ocean_post_title_bg_overlay":0.5,"ocean_post_title_bg_overlay_color":"","ocean_disable_breadcrumbs":"default","ocean_breadcrumbs_color":"","ocean_breadcrumbs_separator_color":"","ocean_breadcrumbs_links_color":"","ocean_breadcrumbs_links_hover_color":"","ocean_display_footer_widgets":"default","ocean_display_footer_bottom":"default","ocean_custom_footer_template":"0"},"product_brand":[],"product_cat":[77,50,76],"product_tag":[],"class_list":{"0":"post-1723","1":"product","2":"type-product","3":"status-publish","4":"has-post-thumbnail","6":"product_cat-aphrodisiaques-femmes","7":"product_cat-cosmetique-erotique-pour-adulte","8":"product_cat-femme","10":"entry","11":"has-media","13":"first","14":"instock","15":"taxable","16":"shipping-taxable","17":"purchasable","18":"product-type-simple","19":"has-product-nav","20":"col","21":"span_1_of_3","22":"owp-content-center","23":"owp-thumbs-layout-horizontal","24":"owp-btn-normal","25":"owp-tabs-layout-horizontal"},"yoast_head":"<!-- This site is optimized with the Yoast SEO plugin v27.5 - https:\/\/yoast.com\/product\/yoast-seo-wordpress\/ -->\n<title>Libido reboost\u00e9e avec CAPS de XPower de Labophyto sp\u00e9cialiste.<\/title>\n<meta name=\"description\" content=\"Libido reboost\u00e9e avec Caps de XPower de la marque Labophtyto. Sp\u00e9cialiste des compl\u00e9ments alimentaires naturelles \u00e0 base des plantes de haute qualit\u00e9.Jesyh\" \/>\n<meta name=\"robots\" content=\"index, follow, max-snippet:-1, max-image-preview:large, max-video-preview:-1\" \/>\n<link rel=\"canonical\" href=\"https:\/\/jesyh.fr\/index.php\/produit\/libido-reboostee\/\" \/>\n<meta property=\"og:locale\" content=\"fr_FR\" \/>\n<meta property=\"og:type\" content=\"article\" \/>\n<meta property=\"og:title\" content=\"Libido reboost\u00e9e avec CAPS de XPower de Labophyto sp\u00e9cialiste.\" \/>\n<meta property=\"og:description\" content=\"Libido reboost\u00e9e avec Caps de XPower de la marque Labophtyto. Sp\u00e9cialiste des compl\u00e9ments alimentaires naturelles \u00e0 base des plantes de haute qualit\u00e9.Jesyh\" \/>\n<meta property=\"og:url\" content=\"https:\/\/jesyh.fr\/index.php\/produit\/libido-reboostee\/\" \/>\n<meta property=\"article:publisher\" content=\"https:\/\/www.facebook.com\/profile.php?id=100063464531976\" \/>\n<meta property=\"article:modified_time\" content=\"2023-04-26T13:08:04+00:00\" \/>\n<meta property=\"og:image\" content=\"https:\/\/jesyh.fr\/wp-content\/uploads\/2023\/03\/libido-caps-60-gelules.jpg\" \/>\n\t<meta property=\"og:image:width\" content=\"600\" \/>\n\t<meta property=\"og:image:height\" content=\"600\" \/>\n\t<meta property=\"og:image:type\" content=\"image\/jpeg\" \/>\n<meta name=\"twitter:card\" content=\"summary_large_image\" \/>\n<meta name=\"twitter:label1\" content=\"Dur\u00e9e de lecture estim\u00e9e\" \/>\n\t<meta name=\"twitter:data1\" content=\"2 minutes\" \/>\n<script type=\"application\/ld+json\" class=\"yoast-schema-graph\">{\"@context\":\"https:\\\/\\\/schema.org\",\"@graph\":[{\"@type\":\"WebPage\",\"@id\":\"https:\\\/\\\/jesyh.fr\\\/index.php\\\/produit\\\/libido-reboostee\\\/\",\"url\":\"https:\\\/\\\/jesyh.fr\\\/index.php\\\/produit\\\/libido-reboostee\\\/\",\"name\":\"Libido reboost\u00e9e avec CAPS de XPower de Labophyto sp\u00e9cialiste.\",\"isPartOf\":{\"@id\":\"https:\\\/\\\/jesyh.fr\\\/#website\"},\"primaryImageOfPage\":{\"@id\":\"https:\\\/\\\/jesyh.fr\\\/index.php\\\/produit\\\/libido-reboostee\\\/#primaryimage\"},\"image\":{\"@id\":\"https:\\\/\\\/jesyh.fr\\\/index.php\\\/produit\\\/libido-reboostee\\\/#primaryimage\"},\"thumbnailUrl\":\"https:\\\/\\\/jesyh.fr\\\/wp-content\\\/uploads\\\/2023\\\/03\\\/libido-caps-60-gelules.jpg\",\"datePublished\":\"2023-03-16T15:36:42+00:00\",\"dateModified\":\"2023-04-26T13:08:04+00:00\",\"description\":\"Libido reboost\u00e9e avec Caps de XPower de la marque Labophtyto. Sp\u00e9cialiste des compl\u00e9ments alimentaires naturelles \u00e0 base des plantes de haute qualit\u00e9.Jesyh\",\"breadcrumb\":{\"@id\":\"https:\\\/\\\/jesyh.fr\\\/index.php\\\/produit\\\/libido-reboostee\\\/#breadcrumb\"},\"inLanguage\":\"fr-FR\",\"potentialAction\":[{\"@type\":\"ReadAction\",\"target\":[\"https:\\\/\\\/jesyh.fr\\\/index.php\\\/produit\\\/libido-reboostee\\\/\"]}]},{\"@type\":\"ImageObject\",\"inLanguage\":\"fr-FR\",\"@id\":\"https:\\\/\\\/jesyh.fr\\\/index.php\\\/produit\\\/libido-reboostee\\\/#primaryimage\",\"url\":\"https:\\\/\\\/jesyh.fr\\\/wp-content\\\/uploads\\\/2023\\\/03\\\/libido-caps-60-gelules.jpg\",\"contentUrl\":\"https:\\\/\\\/jesyh.fr\\\/wp-content\\\/uploads\\\/2023\\\/03\\\/libido-caps-60-gelules.jpg\",\"width\":600,\"height\":600,\"caption\":\"Libido reboost\u00e9e Caps XPower\\\/Jesyh\"},{\"@type\":\"BreadcrumbList\",\"@id\":\"https:\\\/\\\/jesyh.fr\\\/index.php\\\/produit\\\/libido-reboostee\\\/#breadcrumb\",\"itemListElement\":[{\"@type\":\"ListItem\",\"position\":1,\"name\":\"Accueil\",\"item\":\"https:\\\/\\\/jesyh.fr\\\/\"},{\"@type\":\"ListItem\",\"position\":2,\"name\":\"Boutique\",\"item\":\"https:\\\/\\\/jesyh.fr\\\/index.php\\\/boutique-lingerie-pour-femme-a-grand-couronne\\\/\"},{\"@type\":\"ListItem\",\"position\":3,\"name\":\"Libido Caps 60 g\u00e9lules\"}]},{\"@type\":\"WebSite\",\"@id\":\"https:\\\/\\\/jesyh.fr\\\/#website\",\"url\":\"https:\\\/\\\/jesyh.fr\\\/\",\"name\":\"\",\"description\":\"\",\"potentialAction\":[{\"@type\":\"SearchAction\",\"target\":{\"@type\":\"EntryPoint\",\"urlTemplate\":\"https:\\\/\\\/jesyh.fr\\\/?s={search_term_string}\"},\"query-input\":{\"@type\":\"PropertyValueSpecification\",\"valueRequired\":true,\"valueName\":\"search_term_string\"}}],\"inLanguage\":\"fr-FR\"}]}<\/script>\n<!-- \/ Yoast SEO plugin. -->","yoast_head_json":{"title":"Libido reboost\u00e9e avec CAPS de XPower de Labophyto sp\u00e9cialiste.","description":"Libido reboost\u00e9e avec Caps de XPower de la marque Labophtyto. Sp\u00e9cialiste des compl\u00e9ments alimentaires naturelles \u00e0 base des plantes de haute qualit\u00e9.Jesyh","robots":{"index":"index","follow":"follow","max-snippet":"max-snippet:-1","max-image-preview":"max-image-preview:large","max-video-preview":"max-video-preview:-1"},"canonical":"https:\/\/jesyh.fr\/index.php\/produit\/libido-reboostee\/","og_locale":"fr_FR","og_type":"article","og_title":"Libido reboost\u00e9e avec CAPS de XPower de Labophyto sp\u00e9cialiste.","og_description":"Libido reboost\u00e9e avec Caps de XPower de la marque Labophtyto. Sp\u00e9cialiste des compl\u00e9ments alimentaires naturelles \u00e0 base des plantes de haute qualit\u00e9.Jesyh","og_url":"https:\/\/jesyh.fr\/index.php\/produit\/libido-reboostee\/","article_publisher":"https:\/\/www.facebook.com\/profile.php?id=100063464531976","article_modified_time":"2023-04-26T13:08:04+00:00","og_image":[{"width":600,"height":600,"url":"https:\/\/jesyh.fr\/wp-content\/uploads\/2023\/03\/libido-caps-60-gelules.jpg","type":"image\/jpeg"}],"twitter_card":"summary_large_image","twitter_misc":{"Dur\u00e9e de lecture estim\u00e9e":"2 minutes"},"schema":{"@context":"https:\/\/schema.org","@graph":[{"@type":"WebPage","@id":"https:\/\/jesyh.fr\/index.php\/produit\/libido-reboostee\/","url":"https:\/\/jesyh.fr\/index.php\/produit\/libido-reboostee\/","name":"Libido reboost\u00e9e avec CAPS de XPower de Labophyto sp\u00e9cialiste.","isPartOf":{"@id":"https:\/\/jesyh.fr\/#website"},"primaryImageOfPage":{"@id":"https:\/\/jesyh.fr\/index.php\/produit\/libido-reboostee\/#primaryimage"},"image":{"@id":"https:\/\/jesyh.fr\/index.php\/produit\/libido-reboostee\/#primaryimage"},"thumbnailUrl":"https:\/\/jesyh.fr\/wp-content\/uploads\/2023\/03\/libido-caps-60-gelules.jpg","datePublished":"2023-03-16T15:36:42+00:00","dateModified":"2023-04-26T13:08:04+00:00","description":"Libido reboost\u00e9e avec Caps de XPower de la marque Labophtyto. Sp\u00e9cialiste des compl\u00e9ments alimentaires naturelles \u00e0 base des plantes de haute qualit\u00e9.Jesyh","breadcrumb":{"@id":"https:\/\/jesyh.fr\/index.php\/produit\/libido-reboostee\/#breadcrumb"},"inLanguage":"fr-FR","potentialAction":[{"@type":"ReadAction","target":["https:\/\/jesyh.fr\/index.php\/produit\/libido-reboostee\/"]}]},{"@type":"ImageObject","inLanguage":"fr-FR","@id":"https:\/\/jesyh.fr\/index.php\/produit\/libido-reboostee\/#primaryimage","url":"https:\/\/jesyh.fr\/wp-content\/uploads\/2023\/03\/libido-caps-60-gelules.jpg","contentUrl":"https:\/\/jesyh.fr\/wp-content\/uploads\/2023\/03\/libido-caps-60-gelules.jpg","width":600,"height":600,"caption":"Libido reboost\u00e9e Caps XPower\/Jesyh"},{"@type":"BreadcrumbList","@id":"https:\/\/jesyh.fr\/index.php\/produit\/libido-reboostee\/#breadcrumb","itemListElement":[{"@type":"ListItem","position":1,"name":"Accueil","item":"https:\/\/jesyh.fr\/"},{"@type":"ListItem","position":2,"name":"Boutique","item":"https:\/\/jesyh.fr\/index.php\/boutique-lingerie-pour-femme-a-grand-couronne\/"},{"@type":"ListItem","position":3,"name":"Libido Caps 60 g\u00e9lules"}]},{"@type":"WebSite","@id":"https:\/\/jesyh.fr\/#website","url":"https:\/\/jesyh.fr\/","name":"","description":"","potentialAction":[{"@type":"SearchAction","target":{"@type":"EntryPoint","urlTemplate":"https:\/\/jesyh.fr\/?s={search_term_string}"},"query-input":{"@type":"PropertyValueSpecification","valueRequired":true,"valueName":"search_term_string"}}],"inLanguage":"fr-FR"}]}},"jetpack_sharing_enabled":true,"_links":{"self":[{"href":"https:\/\/jesyh.fr\/index.php\/wp-json\/wp\/v2\/product\/1723","targetHints":{"allow":["GET"]}}],"collection":[{"href":"https:\/\/jesyh.fr\/index.php\/wp-json\/wp\/v2\/product"}],"about":[{"href":"https:\/\/jesyh.fr\/index.php\/wp-json\/wp\/v2\/types\/product"}],"replies":[{"embeddable":true,"href":"https:\/\/jesyh.fr\/index.php\/wp-json\/wp\/v2\/comments?post=1723"}],"wp:featuredmedia":[{"embeddable":true,"href":"https:\/\/jesyh.fr\/index.php\/wp-json\/wp\/v2\/media\/1920"}],"wp:attachment":[{"href":"https:\/\/jesyh.fr\/index.php\/wp-json\/wp\/v2\/media?parent=1723"}],"wp:term":[{"taxonomy":"product_brand","embeddable":true,"href":"https:\/\/jesyh.fr\/index.php\/wp-json\/wp\/v2\/product_brand?post=1723"},{"taxonomy":"product_cat","embeddable":true,"href":"https:\/\/jesyh.fr\/index.php\/wp-json\/wp\/v2\/product_cat?post=1723"},{"taxonomy":"product_tag","embeddable":true,"href":"https:\/\/jesyh.fr\/index.php\/wp-json\/wp\/v2\/product_tag?post=1723"}],"curies":[{"name":"wp","href":"https:\/\/api.w.org\/{rel}","templated":true}]}}