{"id":2177,"date":"2024-03-08T15:07:53","date_gmt":"2024-03-08T14:07:53","guid":{"rendered":"https:\/\/jesyh.fr\/?post_type=product&#038;p=2177"},"modified":"2024-08-15T04:43:03","modified_gmt":"2024-08-15T02:43:03","slug":"babydoll-noire-taille-2xl","status":"publish","type":"product","link":"https:\/\/jesyh.fr\/index.php\/produit\/babydoll-noire-taille-2xl\/","title":{"rendered":"Babydoll noire taille 2xl"},"content":{"rendered":"<div class=\"w-full text-token-text-primary\" data-testid=\"conversation-turn-39\">\n<div class=\"px-4 py-2 justify-center text-base md:gap-6 m-auto\">\n<div class=\"flex flex-1 text-base mx-auto gap-3 md:px-5 lg:px-1 xl:px-5 md:max-w-3xl lg:max-w-[40rem] xl:max-w-[48rem] group\">\n<div class=\"relative flex w-full flex-col agent-turn\">\n<div class=\"flex-col gap-1 md:gap-3\">\n<div class=\"flex flex-grow flex-col max-w-full\">\n<div class=\"min-h-[20px] text-message flex flex-col items-start gap-3 whitespace-pre-wrap break-words [.text-message+&amp;]:mt-5 overflow-x-auto\" data-message-author-role=\"assistant\" data-message-id=\"e0906806-b636-4fe3-88a4-0d57878268ee\">\n<div class=\"markdown prose w-full break-words dark:prose-invert light\">\n<p>Plongez dans l&rsquo;\u00e9l\u00e9gance avec notre <strong>babydoll noire<\/strong> en <strong>taille 2XL<\/strong>. Cette magnifique pi\u00e8ce est con\u00e7ue pour allier <strong>confort et sensualit\u00e9<\/strong> dans un \u00e9quilibre parfait.<\/p>\n<p>De plus, elle est dot\u00e9e d&rsquo;une partie en<strong> dentelle d\u00e9licate<\/strong> sur la <strong>poitrine<\/strong> et du reste du corps opaque. Cette pi\u00e8ce offre une allure subtilement<strong> sexy<\/strong>. Les fines <strong>bretelles r\u00e9glables<\/strong> ajoutent une touche de sophistication, permettant un ajustement personnalis\u00e9.<\/p>\n<p>Elle est parfaite pour mettre en valeur vos courbes avec \u00e9l\u00e9gance. Cette<strong> babydoll<\/strong> est id\u00e9ale pour une soir\u00e9e romantique ou simplement pour vous sentir belle et confiante chez vous. Fabriqu\u00e9e \u00e0 partir de <strong>mat\u00e9riaux de haute qualit\u00e9<\/strong>, elle offre une sensation de douceur contre la peau.<\/p>\n<p>Cette <strong>babydoll<\/strong> noire<strong> taille 2XL<\/strong> est plus qu&rsquo;une simple pi\u00e8ce de <strong>lingerie<\/strong>, c&rsquo;est une expression de votre f\u00e9minit\u00e9. Son design soigneusement con\u00e7u met en valeur vos courbes de mani\u00e8re subtile mais s\u00e9duisante, vous permettant de vous sentir belle et d\u00e9sirable \u00e0 tout moment. Que ce soit pour surprendre votre partenaire ou simplement pour vous faire plaisir, cette<strong> babydoll noire<\/strong> est un incontournable de votre garde-robe intime.<\/p>\n<p>Red\u00e9finissez votre<strong> lingerie<\/strong> avec cette<strong> babydoll<\/strong> en<a href=\"https:\/\/jesyh.fr\/index.php\/produit\/nuisette-satin-noire-dentelle\/\"><strong> taille 2XL<\/strong>. L<\/a>aissez vous s\u00e9duire par son charme intemporel et sa sensualit\u00e9 discr\u00e8te, disponible maintenant sur. D\u00e9couvrez aussi<a href=\"https:\/\/www.jesyh.com\/peignoir-deshabille\/2110-9467-peignoir-enene-noir.html#\/2-couleur-noir\/86-taille-xxl_xxxl\">_<\/a><\/p>\n<\/div>\n<\/div>\n<\/div>\n<\/div>\n<\/div>\n<\/div>\n<\/div>\n<\/div>\n","protected":false},"excerpt":{"rendered":"<p>Babydolle sensuelle de haute qualit\u00e9 en satin et en dentelle, dos ouvert, pour les femmes.<\/p>\n","protected":false},"featured_media":2166,"comment_status":"open","ping_status":"closed","template":"","meta":{"_monsterinsights_skip_tracking":false,"_monsterinsights_sitenote_active":false,"_monsterinsights_sitenote_note":"","_monsterinsights_sitenote_category":0,"ocean_post_layout":"full-width","ocean_both_sidebars_style":"","ocean_both_sidebars_content_width":0,"ocean_both_sidebars_sidebars_width":0,"ocean_sidebar":"0","ocean_second_sidebar":"0","ocean_disable_margins":"enable","ocean_add_body_class":"","ocean_shortcode_before_top_bar":"","ocean_shortcode_after_top_bar":"","ocean_shortcode_before_header":"","ocean_shortcode_after_header":"","ocean_has_shortcode":"","ocean_shortcode_after_title":"","ocean_shortcode_before_footer_widgets":"","ocean_shortcode_after_footer_widgets":"","ocean_shortcode_before_footer_bottom":"","ocean_shortcode_after_footer_bottom":"","ocean_display_top_bar":"default","ocean_display_header":"default","ocean_header_style":"","ocean_center_header_left_menu":"0","ocean_custom_header_template":"0","ocean_custom_logo":0,"ocean_custom_retina_logo":0,"ocean_custom_logo_max_width":0,"ocean_custom_logo_tablet_max_width":0,"ocean_custom_logo_mobile_max_width":0,"ocean_custom_logo_max_height":0,"ocean_custom_logo_tablet_max_height":0,"ocean_custom_logo_mobile_max_height":0,"ocean_header_custom_menu":"0","ocean_menu_typo_font_family":"0","ocean_menu_typo_font_subset":"","ocean_menu_typo_font_size":0,"ocean_menu_typo_font_size_tablet":0,"ocean_menu_typo_font_size_mobile":0,"ocean_menu_typo_font_size_unit":"px","ocean_menu_typo_font_weight":"","ocean_menu_typo_font_weight_tablet":"","ocean_menu_typo_font_weight_mobile":"","ocean_menu_typo_transform":"","ocean_menu_typo_transform_tablet":"","ocean_menu_typo_transform_mobile":"","ocean_menu_typo_line_height":0,"ocean_menu_typo_line_height_tablet":0,"ocean_menu_typo_line_height_mobile":0,"ocean_menu_typo_line_height_unit":"","ocean_menu_typo_spacing":0,"ocean_menu_typo_spacing_tablet":0,"ocean_menu_typo_spacing_mobile":0,"ocean_menu_typo_spacing_unit":"","ocean_menu_link_color":"","ocean_menu_link_color_hover":"","ocean_menu_link_color_active":"","ocean_menu_link_background":"","ocean_menu_link_hover_background":"","ocean_menu_link_active_background":"","ocean_menu_social_links_bg":"","ocean_menu_social_hover_links_bg":"","ocean_menu_social_links_color":"","ocean_menu_social_hover_links_color":"","ocean_disable_title":"default","ocean_disable_heading":"default","ocean_post_title":"","ocean_post_subheading":"","ocean_post_title_style":"","ocean_post_title_background_color":"","ocean_post_title_background":0,"ocean_post_title_bg_image_position":"","ocean_post_title_bg_image_attachment":"","ocean_post_title_bg_image_repeat":"","ocean_post_title_bg_image_size":"","ocean_post_title_height":0,"ocean_post_title_bg_overlay":0.5,"ocean_post_title_bg_overlay_color":"","ocean_disable_breadcrumbs":"default","ocean_breadcrumbs_color":"","ocean_breadcrumbs_separator_color":"","ocean_breadcrumbs_links_color":"","ocean_breadcrumbs_links_hover_color":"","ocean_display_footer_widgets":"default","ocean_display_footer_bottom":"default","ocean_custom_footer_template":"0"},"product_brand":[],"product_cat":[53,39],"product_tag":[],"class_list":{"0":"post-2177","1":"product","2":"type-product","3":"status-publish","4":"has-post-thumbnail","6":"product_cat-babydoll-lingerie-sexy","7":"product_cat-nouveaux-produits","9":"entry","10":"has-media","12":"first","13":"instock","14":"taxable","15":"shipping-taxable","16":"purchasable","17":"product-type-variable","18":"has-product-nav","19":"col","20":"span_1_of_3","21":"owp-content-center","22":"owp-thumbs-layout-horizontal","23":"owp-btn-normal","24":"owp-tabs-layout-horizontal"},"yoast_head":"<!-- This site is optimized with the Yoast SEO plugin v27.5 - https:\/\/yoast.com\/product\/yoast-seo-wordpress\/ -->\n<title>Babydoll noire taille 2xl -<\/title>\n<meta name=\"description\" content=\"D\u00e9couvrez notre babydoll noire taille 2XL, alliance parfaite de confort et de sensualit\u00e9. Avec sa dentelle d\u00e9licate, elle vous offre un look sexy et subtil.\" \/>\n<meta name=\"robots\" content=\"index, follow, max-snippet:-1, max-image-preview:large, max-video-preview:-1\" \/>\n<link rel=\"canonical\" href=\"https:\/\/jesyh.fr\/index.php\/produit\/babydoll-noire-taille-2xl\/\" \/>\n<meta property=\"og:locale\" content=\"fr_FR\" \/>\n<meta property=\"og:type\" content=\"article\" \/>\n<meta property=\"og:title\" content=\"Babydoll noire taille 2xl -\" \/>\n<meta property=\"og:description\" content=\"D\u00e9couvrez notre babydoll noire taille 2XL, alliance parfaite de confort et de sensualit\u00e9. Avec sa dentelle d\u00e9licate, elle vous offre un look sexy et subtil.\" \/>\n<meta property=\"og:url\" content=\"https:\/\/jesyh.fr\/index.php\/produit\/babydoll-noire-taille-2xl\/\" \/>\n<meta property=\"article:publisher\" content=\"https:\/\/www.facebook.com\/profile.php?id=100063464531976\" \/>\n<meta property=\"article:modified_time\" content=\"2024-08-15T02:43:03+00:00\" \/>\n<meta property=\"og:image\" content=\"https:\/\/jesyh.fr\/wp-content\/uploads\/2024\/03\/Babydoll-noire-GTjesyh.fr_-scaled.jpg\" \/>\n\t<meta property=\"og:image:width\" content=\"2560\" \/>\n\t<meta property=\"og:image:height\" content=\"2560\" \/>\n\t<meta property=\"og:image:type\" content=\"image\/jpeg\" \/>\n<meta name=\"twitter:card\" content=\"summary_large_image\" \/>\n<meta name=\"twitter:label1\" content=\"Dur\u00e9e de lecture estim\u00e9e\" \/>\n\t<meta name=\"twitter:data1\" content=\"2 minutes\" \/>\n<script type=\"application\/ld+json\" class=\"yoast-schema-graph\">{\"@context\":\"https:\\\/\\\/schema.org\",\"@graph\":[{\"@type\":\"WebPage\",\"@id\":\"https:\\\/\\\/jesyh.fr\\\/index.php\\\/produit\\\/babydoll-noire-taille-2xl\\\/\",\"url\":\"https:\\\/\\\/jesyh.fr\\\/index.php\\\/produit\\\/babydoll-noire-taille-2xl\\\/\",\"name\":\"Babydoll noire taille 2xl -\",\"isPartOf\":{\"@id\":\"https:\\\/\\\/jesyh.fr\\\/#website\"},\"primaryImageOfPage\":{\"@id\":\"https:\\\/\\\/jesyh.fr\\\/index.php\\\/produit\\\/babydoll-noire-taille-2xl\\\/#primaryimage\"},\"image\":{\"@id\":\"https:\\\/\\\/jesyh.fr\\\/index.php\\\/produit\\\/babydoll-noire-taille-2xl\\\/#primaryimage\"},\"thumbnailUrl\":\"https:\\\/\\\/jesyh.fr\\\/wp-content\\\/uploads\\\/2024\\\/03\\\/Babydoll-noire-GTjesyh.fr_-scaled.jpg\",\"datePublished\":\"2024-03-08T14:07:53+00:00\",\"dateModified\":\"2024-08-15T02:43:03+00:00\",\"description\":\"D\u00e9couvrez notre babydoll noire taille 2XL, alliance parfaite de confort et de sensualit\u00e9. Avec sa dentelle d\u00e9licate, elle vous offre un look sexy et subtil.\",\"breadcrumb\":{\"@id\":\"https:\\\/\\\/jesyh.fr\\\/index.php\\\/produit\\\/babydoll-noire-taille-2xl\\\/#breadcrumb\"},\"inLanguage\":\"fr-FR\",\"potentialAction\":[{\"@type\":\"ReadAction\",\"target\":[\"https:\\\/\\\/jesyh.fr\\\/index.php\\\/produit\\\/babydoll-noire-taille-2xl\\\/\"]}]},{\"@type\":\"ImageObject\",\"inLanguage\":\"fr-FR\",\"@id\":\"https:\\\/\\\/jesyh.fr\\\/index.php\\\/produit\\\/babydoll-noire-taille-2xl\\\/#primaryimage\",\"url\":\"https:\\\/\\\/jesyh.fr\\\/wp-content\\\/uploads\\\/2024\\\/03\\\/Babydoll-noire-GTjesyh.fr_-scaled.jpg\",\"contentUrl\":\"https:\\\/\\\/jesyh.fr\\\/wp-content\\\/uploads\\\/2024\\\/03\\\/Babydoll-noire-GTjesyh.fr_-scaled.jpg\",\"width\":2560,\"height\":2560,\"caption\":\"babydoll noire taille 2xl\"},{\"@type\":\"BreadcrumbList\",\"@id\":\"https:\\\/\\\/jesyh.fr\\\/index.php\\\/produit\\\/babydoll-noire-taille-2xl\\\/#breadcrumb\",\"itemListElement\":[{\"@type\":\"ListItem\",\"position\":1,\"name\":\"Accueil\",\"item\":\"https:\\\/\\\/jesyh.fr\\\/\"},{\"@type\":\"ListItem\",\"position\":2,\"name\":\"Boutique\",\"item\":\"https:\\\/\\\/jesyh.fr\\\/index.php\\\/boutique-lingerie-pour-femme-a-grand-couronne\\\/\"},{\"@type\":\"ListItem\",\"position\":3,\"name\":\"Babydoll noire taille 2xl\"}]},{\"@type\":\"WebSite\",\"@id\":\"https:\\\/\\\/jesyh.fr\\\/#website\",\"url\":\"https:\\\/\\\/jesyh.fr\\\/\",\"name\":\"\",\"description\":\"\",\"potentialAction\":[{\"@type\":\"SearchAction\",\"target\":{\"@type\":\"EntryPoint\",\"urlTemplate\":\"https:\\\/\\\/jesyh.fr\\\/?s={search_term_string}\"},\"query-input\":{\"@type\":\"PropertyValueSpecification\",\"valueRequired\":true,\"valueName\":\"search_term_string\"}}],\"inLanguage\":\"fr-FR\"}]}<\/script>\n<!-- \/ Yoast SEO plugin. -->","yoast_head_json":{"title":"Babydoll noire taille 2xl -","description":"D\u00e9couvrez notre babydoll noire taille 2XL, alliance parfaite de confort et de sensualit\u00e9. Avec sa dentelle d\u00e9licate, elle vous offre un look sexy et subtil.","robots":{"index":"index","follow":"follow","max-snippet":"max-snippet:-1","max-image-preview":"max-image-preview:large","max-video-preview":"max-video-preview:-1"},"canonical":"https:\/\/jesyh.fr\/index.php\/produit\/babydoll-noire-taille-2xl\/","og_locale":"fr_FR","og_type":"article","og_title":"Babydoll noire taille 2xl -","og_description":"D\u00e9couvrez notre babydoll noire taille 2XL, alliance parfaite de confort et de sensualit\u00e9. Avec sa dentelle d\u00e9licate, elle vous offre un look sexy et subtil.","og_url":"https:\/\/jesyh.fr\/index.php\/produit\/babydoll-noire-taille-2xl\/","article_publisher":"https:\/\/www.facebook.com\/profile.php?id=100063464531976","article_modified_time":"2024-08-15T02:43:03+00:00","og_image":[{"width":2560,"height":2560,"url":"https:\/\/jesyh.fr\/wp-content\/uploads\/2024\/03\/Babydoll-noire-GTjesyh.fr_-scaled.jpg","type":"image\/jpeg"}],"twitter_card":"summary_large_image","twitter_misc":{"Dur\u00e9e de lecture estim\u00e9e":"2 minutes"},"schema":{"@context":"https:\/\/schema.org","@graph":[{"@type":"WebPage","@id":"https:\/\/jesyh.fr\/index.php\/produit\/babydoll-noire-taille-2xl\/","url":"https:\/\/jesyh.fr\/index.php\/produit\/babydoll-noire-taille-2xl\/","name":"Babydoll noire taille 2xl -","isPartOf":{"@id":"https:\/\/jesyh.fr\/#website"},"primaryImageOfPage":{"@id":"https:\/\/jesyh.fr\/index.php\/produit\/babydoll-noire-taille-2xl\/#primaryimage"},"image":{"@id":"https:\/\/jesyh.fr\/index.php\/produit\/babydoll-noire-taille-2xl\/#primaryimage"},"thumbnailUrl":"https:\/\/jesyh.fr\/wp-content\/uploads\/2024\/03\/Babydoll-noire-GTjesyh.fr_-scaled.jpg","datePublished":"2024-03-08T14:07:53+00:00","dateModified":"2024-08-15T02:43:03+00:00","description":"D\u00e9couvrez notre babydoll noire taille 2XL, alliance parfaite de confort et de sensualit\u00e9. Avec sa dentelle d\u00e9licate, elle vous offre un look sexy et subtil.","breadcrumb":{"@id":"https:\/\/jesyh.fr\/index.php\/produit\/babydoll-noire-taille-2xl\/#breadcrumb"},"inLanguage":"fr-FR","potentialAction":[{"@type":"ReadAction","target":["https:\/\/jesyh.fr\/index.php\/produit\/babydoll-noire-taille-2xl\/"]}]},{"@type":"ImageObject","inLanguage":"fr-FR","@id":"https:\/\/jesyh.fr\/index.php\/produit\/babydoll-noire-taille-2xl\/#primaryimage","url":"https:\/\/jesyh.fr\/wp-content\/uploads\/2024\/03\/Babydoll-noire-GTjesyh.fr_-scaled.jpg","contentUrl":"https:\/\/jesyh.fr\/wp-content\/uploads\/2024\/03\/Babydoll-noire-GTjesyh.fr_-scaled.jpg","width":2560,"height":2560,"caption":"babydoll noire taille 2xl"},{"@type":"BreadcrumbList","@id":"https:\/\/jesyh.fr\/index.php\/produit\/babydoll-noire-taille-2xl\/#breadcrumb","itemListElement":[{"@type":"ListItem","position":1,"name":"Accueil","item":"https:\/\/jesyh.fr\/"},{"@type":"ListItem","position":2,"name":"Boutique","item":"https:\/\/jesyh.fr\/index.php\/boutique-lingerie-pour-femme-a-grand-couronne\/"},{"@type":"ListItem","position":3,"name":"Babydoll noire taille 2xl"}]},{"@type":"WebSite","@id":"https:\/\/jesyh.fr\/#website","url":"https:\/\/jesyh.fr\/","name":"","description":"","potentialAction":[{"@type":"SearchAction","target":{"@type":"EntryPoint","urlTemplate":"https:\/\/jesyh.fr\/?s={search_term_string}"},"query-input":{"@type":"PropertyValueSpecification","valueRequired":true,"valueName":"search_term_string"}}],"inLanguage":"fr-FR"}]}},"jetpack_sharing_enabled":true,"_links":{"self":[{"href":"https:\/\/jesyh.fr\/index.php\/wp-json\/wp\/v2\/product\/2177","targetHints":{"allow":["GET"]}}],"collection":[{"href":"https:\/\/jesyh.fr\/index.php\/wp-json\/wp\/v2\/product"}],"about":[{"href":"https:\/\/jesyh.fr\/index.php\/wp-json\/wp\/v2\/types\/product"}],"replies":[{"embeddable":true,"href":"https:\/\/jesyh.fr\/index.php\/wp-json\/wp\/v2\/comments?post=2177"}],"wp:featuredmedia":[{"embeddable":true,"href":"https:\/\/jesyh.fr\/index.php\/wp-json\/wp\/v2\/media\/2166"}],"wp:attachment":[{"href":"https:\/\/jesyh.fr\/index.php\/wp-json\/wp\/v2\/media?parent=2177"}],"wp:term":[{"taxonomy":"product_brand","embeddable":true,"href":"https:\/\/jesyh.fr\/index.php\/wp-json\/wp\/v2\/product_brand?post=2177"},{"taxonomy":"product_cat","embeddable":true,"href":"https:\/\/jesyh.fr\/index.php\/wp-json\/wp\/v2\/product_cat?post=2177"},{"taxonomy":"product_tag","embeddable":true,"href":"https:\/\/jesyh.fr\/index.php\/wp-json\/wp\/v2\/product_tag?post=2177"}],"curies":[{"name":"wp","href":"https:\/\/api.w.org\/{rel}","templated":true}]}}